{"id":1024,"date":"2016-07-19T09:33:52","date_gmt":"2016-07-19T07:33:52","guid":{"rendered":"http:\/\/tolle-ponys.de\/?page_id=1024"},"modified":"2017-06-25T19:55:43","modified_gmt":"2017-06-25T17:55:43","slug":"st-pr-st-hannekens-highlight-we","status":"publish","type":"page","link":"https:\/\/tolle-ponys.de\/?page_id=1024","title":{"rendered":"St.Pr.St. Hannekens Highlight WE"},"content":{"rendered":"<p><img loading=\"lazy\" class=\"alignnone size-full wp-image-106\" src=\"http:\/\/tolle-ponys.de\/wp-content\/uploads\/2014\/06\/zuchtstuten.png\" alt=\"Zuchtstuten\" width=\"700\" height=\"22\" srcset=\"https:\/\/tolle-ponys.de\/wp-content\/uploads\/2014\/06\/zuchtstuten.png 700w, https:\/\/tolle-ponys.de\/wp-content\/uploads\/2014\/06\/zuchtstuten-120x3.png 120w, https:\/\/tolle-ponys.de\/wp-content\/uploads\/2014\/06\/zuchtstuten-300x9.png 300w\" sizes=\"(max-width: 700px) 100vw, 700px\" \/><\/p>\n<p>&nbsp;<\/p>\n<p><img loading=\"lazy\" class=\"alignleft size-full wp-image-191\" src=\"http:\/\/tolle-ponys.de\/wp-content\/uploads\/2014\/06\/we1.png\" alt=\"DR Weser-Ems\" width=\"69\" height=\"115\" \/><a href=\"http:\/\/tolle-ponys.de\/wp-content\/uploads\/2015\/07\/Hannekens-Highlight-Bezirkstutenschau-Voxtrup-2015.jpg\"><img loading=\"lazy\" class=\"alignright wp-image-885 size-thumbnail\" src=\"http:\/\/tolle-ponys.de\/wp-content\/uploads\/2015\/07\/Hannekens-Highlight-Bezirkstutenschau-Voxtrup-2015-120x85.jpg\" alt=\"\" width=\"120\" height=\"85\" \/><\/a><strong><span style=\"color: #a60a20; font-size: 14pt;\"><br \/>\nSt.Pr.St. HANNEKENS HIGHLIGHT WE<\/span><\/strong><\/p>\n<p>Stute \u223c DR Weser-Ems<br \/>\n*2012 \u223c Fuchs<\/p>\n<div class=\"ped\">\n<table class=\"ped\">\n<tbody>\n<tr>\n<td class=\"ped1\" rowspan=\"4\"><strong>MANCHESTER UNITED<br \/>\n<\/strong><\/td>\n<td class=\"ped2\" rowspan=\"2\">The Breas My Mobility<\/td>\n<td class=\"ped3\">Steehorst Maestro<\/td>\n<td class=\"ped4-b\">v. Eyarth Harlequin<\/td>\n<\/tr>\n<tr>\n<td class=\"ped3-b\">Anja<\/td>\n<td class=\"ped4-b\">v. Eastfields Emperor<\/td>\n<\/tr>\n<tr>\n<td class=\"ped2-b\" rowspan=\"2\">St.Pr.\/El.St. Glitter Girl<\/td>\n<td class=\"ped3\">Losander<\/td>\n<td class=\"ped4-b\">v. Lombard<\/td>\n<\/tr>\n<tr>\n<td class=\"ped3-b\">El.St. Golfy<\/td>\n<td class=\"ped4-b\">v. El.H. Brillant<\/td>\n<\/tr>\n<tr>\n<td class=\"ped1\" rowspan=\"4\">Gambys Hanneken WE<\/td>\n<td class=\"ped2\" rowspan=\"2\"><strong><strong>FS Don&#8217;t Worry<\/strong><\/strong><\/td>\n<td class=\"ped3\">FS Dacapo Doro<\/td>\n<td class=\"ped4-b\">v. Derano Gold<\/td>\n<\/tr>\n<tr>\n<td class=\"ped3-b\">St.Pr.St. FS Golden Sunlight<\/td>\n<td class=\"ped4-b\">v. Golden Dancer<\/td>\n<\/tr>\n<tr>\n<td class=\"ped2\" rowspan=\"2\">Gamby Cat<\/td>\n<td class=\"ped3\"><strong><strong><strong><strong>El.H. Brillant<\/strong><\/strong><\/strong><\/strong><\/td>\n<td class=\"ped4-b\">v. Piran John Halifax<\/td>\n<\/tr>\n<tr>\n<td class=\"ped3\">Gesa<\/td>\n<td class=\"ped4\">v. <strong>Ultimo xx<\/strong><\/td>\n<\/tr>\n<\/tbody>\n<\/table>\n<\/div>\n<p>&nbsp;<\/p>\n<p><span style=\"font-size: 18pt;\"><strong><a href=\"http:\/\/tolle-ponys.de\/wp-content\/uploads\/2015\/09\/Hannekens-Highlight-WE-Elitestutenschau-2015.jpg\"><img loading=\"lazy\" class=\"alignright wp-image-906\" src=\"http:\/\/tolle-ponys.de\/wp-content\/uploads\/2015\/09\/Hannekens-Highlight-WE-Elitestutenschau-2015-120x167.jpg\" alt=\"Hannekens Highlight WE Elitestutenschau 2015\" width=\"86\" height=\"120\" srcset=\"https:\/\/tolle-ponys.de\/wp-content\/uploads\/2015\/09\/Hannekens-Highlight-WE-Elitestutenschau-2015-120x167.jpg 120w, https:\/\/tolle-ponys.de\/wp-content\/uploads\/2015\/09\/Hannekens-Highlight-WE-Elitestutenschau-2015-214x300.jpg 214w, https:\/\/tolle-ponys.de\/wp-content\/uploads\/2015\/09\/Hannekens-Highlight-WE-Elitestutenschau-2015-500x700.jpg 500w, https:\/\/tolle-ponys.de\/wp-content\/uploads\/2015\/09\/Hannekens-Highlight-WE-Elitestutenschau-2015.jpg 643w\" sizes=\"(max-width: 86px) 100vw, 86px\" \/><\/a>H<\/strong><\/span>annekens Highlight WE besticht neben ihrer interessanten Zeichnung vor allem mit Ausstrahlung und Charakter. 2015 wurde sie auf der Weser-Ems Bezirksstutenschau in Voxtrup nach dem Sieg im Ring der 3j\u00e4hrigen Stuten zuletzt auch noch zur Siegerstute gek\u00fcrt und vom Pferdestammbuch Weser-Ems f\u00fcr das Deutsche Stutenchampionat in Lienen nominiert! Bei der Elitestutenschau des Pferdestammbuchs Weser-Ems e.V. anl\u00e4sslich der Landtage Nord in Hude-W\u00fcsting 2015 wurde sie im Brillantring mit der Staatspr\u00e4mienanwartschaft ausgezeichnet.<\/p>\n<p><span style=\"font-size: 18pt;\"><strong><a href=\"http:\/\/tolle-ponys.de\/wp-content\/uploads\/2014\/06\/Hannekens-Highlight.jpg\"><img loading=\"lazy\" class=\"alignright size-thumbnail wp-image-333\" src=\"http:\/\/tolle-ponys.de\/wp-content\/uploads\/2014\/06\/Hannekens-Highlight-120x80.jpg\" alt=\"Hannekens Highlight\" width=\"120\" height=\"80\" srcset=\"https:\/\/tolle-ponys.de\/wp-content\/uploads\/2014\/06\/Hannekens-Highlight-120x80.jpg 120w, https:\/\/tolle-ponys.de\/wp-content\/uploads\/2014\/06\/Hannekens-Highlight-300x200.jpg 300w, https:\/\/tolle-ponys.de\/wp-content\/uploads\/2014\/06\/Hannekens-Highlight.jpg 900w\" sizes=\"(max-width: 120px) 100vw, 120px\" \/><\/a><\/strong><\/span>Sie ist die erste und einzige bei uns geborene Tochter unserer selbstgezogenen <a title=\"Gambys Hanneken WE\" href=\"http:\/\/tolle-ponys.de\/?page_id=323\">Gambys Hanneken WE<\/a>, die 2013 nach D\u00e4nemark verkauft wurde. Sie konnte sich in Reitpferdepr\u00fcfungen mehrfach platzieren. Kr\u00f6nender Abschluss der 2013er Turniersaison war dann Platz 3 beim Bundeschampionat der 4j\u00e4hrigen Reitponys.<\/p>\n<p>Manchester United war der erkl\u00e4rte Publikumsliebling und verdiente Siegerhengst der Weser-Ems K\u00f6rung 2010. Drei hervorragende Grundgangarten, abgerundet durch ein Freispringen von h\u00f6chster Qualit\u00e4t und ein Geb\u00e4ude, das keine W\u00fcnsche offen l\u00e4sst. Sein Mutterstamm z\u00e4hlt ohne \u00dcbertreibungen zu den Besten der dt. Reitponyzucht. St.Pr.St. Glitter Girl war Reservesiegerstute in Weser-Ems und brachte 2009 bereits den gek\u00f6rten Headliner. Weiterhin kommen aus dem Stamm der Stute Gina neben 26 (!) gek\u00f6rten Hengsten &#8211; darunter mehrere Siegerhengste &#8211; auch die Bundeschampions Dance Star AT und FH Night Gun, Mannschaftseuropameister Der feine Lord sowie der bis Prix St. Georges platzierte Kennedy WE.<\/p>\n<hr \/>\n<p><strong><img loading=\"lazy\" class=\"aligncenter size-full wp-image-308\" src=\"http:\/\/tolle-ponys.de\/wp-content\/uploads\/2014\/06\/nachkommen.png\" alt=\"nachkommen\" width=\"500\" height=\"22\" srcset=\"https:\/\/tolle-ponys.de\/wp-content\/uploads\/2014\/06\/nachkommen.png 500w, https:\/\/tolle-ponys.de\/wp-content\/uploads\/2014\/06\/nachkommen-120x5.png 120w, https:\/\/tolle-ponys.de\/wp-content\/uploads\/2014\/06\/nachkommen-300x13.png 300w\" sizes=\"(max-width: 500px) 100vw, 500px\" \/><\/strong><\/p>\n\n<table id=\"tablepress-8\" class=\"tablepress tablepress-id-8\">\n<tbody>\n<tr class=\"row-1\">\n\t<td class=\"column-1\"><img src=\"http:\/\/tolle-ponys.de\/wp-content\/uploads\/2016\/09\/Potts-Foxi-web-120x136.jpg\" alt=\"Potts Foxi web\" width=\"120\" height=\"136\" class=\"alignnone-vs size-thumbnail wp-image-1112\" \/><\/td><td class=\"column-2\"><img src=\"http:\/\/tolle-ponys.de\/wp-content\/uploads\/2017\/05\/Highlights-Rising-Sun.jpg\" alt=\"Highlight's Rising Sun\" width=\"120\" height=\"136\" class=\"alignnone-vs size-thumbnail wp-image-1112\" \/><\/td><td class=\"column-3\"><img src=\"https:\/\/tolle-ponys.de\/wp-content\/uploads\/2019\/01\/Highlights-D-Lady_2018.jpg\" alt=\"Highlight's D-Lady\" width=\"120\" height=\"136\" class=\"alignnone-vs size-thumbnail wp-image-1112\" \/><\/td>\n<\/tr>\n<tr class=\"row-2\">\n\t<td class=\"column-1\"><strong><a href=\"http:\/\/tolle-ponys.de\/?p=1111\">POTT'S FOXI<\/a><\/strong><br \/>\n<span style=\"font-size: 9pt;\">v. Dreidimensional AT<br \/>\n*2016<\/span><\/td><td class=\"column-2\"><strong><a href=\"http:\/\/tolle-ponys.de\/?p=1195\">HIGHLIGHT'S RISING SUN<\/a><\/strong><br \/>\n<span style=\"font-size: 9pt;\">v. FS Numero Uno<br \/>\n*2017<\/span><\/td><td class=\"column-3\"><strong><a href=\"http:\/\/tolle-ponys.de\/?p=1352\">HIGHLIGHT'S D-Lady<\/a><\/strong><br \/>\n<span style=\"font-size: 9pt;\">v. D-Power AT<br \/>\n*2018<\/span><\/td>\n<\/tr>\n<tr class=\"row-3\">\n\t<td class=\"column-1\"><a href=\"https:\/\/tolle-ponys.de\/?p=1384\"><img src=\"https:\/\/tolle-ponys.de\/wp-content\/uploads\/2019\/08\/Dallmina-2019-Kopf-120x133.jpg\" alt=\"\" width=\"120\" height=\"133\" class=\"alignnone-vs size-thumbnail wp-image-1385\" \/><\/a><\/td><td class=\"column-2\"><a href=\"https:\/\/tolle-ponys.de\/?p=1500\"><img src=\"https:\/\/tolle-ponys.de\/wp-content\/uploads\/2021\/02\/Potts-Calle-1_120x136.jpg\" alt=\"\" width=\"120\" height=\"133\" class=\"alignnone-vs size-thumbnail wp-image-1385\" \/><\/a><\/td><td class=\"column-3\"><a href=\"https:\/\/tolle-ponys.de\/?p=1384\"><img src=\"https:\/\/tolle-ponys.de\/wp-content\/uploads\/2021\/06\/Potts-Dallpacino_120x136.jpg\" alt=\"\" width=\"120\" height=\"133\" class=\"alignnone-vs size-thumbnail wp-image-1385\" \/><\/a><\/td>\n<\/tr>\n<tr class=\"row-4\">\n\t<td class=\"column-1\"><strong><a href=\"http:\/\/tolle-ponys.de\/?p=1384\">HIGHLIGHT'S DALLMINA<\/a><\/strong><br \/>\n<span style=\"font-size: 9pt;\">v. Dallmayr K<br \/>\n*2019<\/span><\/td><td class=\"column-2\"><strong><a href=\"http:\/\/tolle-ponys.de\/?p=1500\">POTT'S CALLE<\/a><\/strong><br \/>\n<span style=\"font-size: 9pt;\">v. DSP Cosmo Royale<br \/>\n*2020<\/span><\/td><td class=\"column-3\"><strong><a href=\"http:\/\/tolle-ponys.de\/?p=1527\">POTT'S DALLPACINO<\/a><\/strong><br \/>\n<span style=\"font-size: 9pt;\">v. Dallmayr K<br \/>\n*2021<\/span><\/td>\n<\/tr>\n<\/tbody>\n<\/table>\n<!-- #tablepress-8 from cache -->\n","protected":false},"excerpt":{"rendered":"<p>&nbsp; St.Pr.St. HANNEKENS HIGHLIGHT WE &hellip; <a style=\"color: #a60a20; font-weight: bold\" href=\"https:\/\/tolle-ponys.de\/?page_id=1024\">mehr <span class=\"meta-nav\">&raquo;<\/span><\/a><\/p>\n","protected":false},"author":2,"featured_media":0,"parent":105,"menu_order":0,"comment_status":"closed","ping_status":"closed","template":"","meta":[],"_links":{"self":[{"href":"https:\/\/tolle-ponys.de\/index.php?rest_route=\/wp\/v2\/pages\/1024"}],"collection":[{"href":"https:\/\/tolle-ponys.de\/index.php?rest_route=\/wp\/v2\/pages"}],"about":[{"href":"https:\/\/tolle-ponys.de\/index.php?rest_route=\/wp\/v2\/types\/page"}],"author":[{"embeddable":true,"href":"https:\/\/tolle-ponys.de\/index.php?rest_route=\/wp\/v2\/users\/2"}],"replies":[{"embeddable":true,"href":"https:\/\/tolle-ponys.de\/index.php?rest_route=%2Fwp%2Fv2%2Fcomments&post=1024"}],"version-history":[{"count":7,"href":"https:\/\/tolle-ponys.de\/index.php?rest_route=\/wp\/v2\/pages\/1024\/revisions"}],"predecessor-version":[{"id":1215,"href":"https:\/\/tolle-ponys.de\/index.php?rest_route=\/wp\/v2\/pages\/1024\/revisions\/1215"}],"up":[{"embeddable":true,"href":"https:\/\/tolle-ponys.de\/index.php?rest_route=\/wp\/v2\/pages\/105"}],"wp:attachment":[{"href":"https:\/\/tolle-ponys.de\/index.php?rest_route=%2Fwp%2Fv2%2Fmedia&parent=1024"}],"curies":[{"name":"wp","href":"https:\/\/api.w.org\/{rel}","templated":true}]}}