{"id":105,"date":"2014-06-26T08:29:01","date_gmt":"2014-06-26T06:29:01","guid":{"rendered":"http:\/\/tolle-ponys.de\/?page_id=105"},"modified":"2025-11-19T11:35:02","modified_gmt":"2025-11-19T09:35:02","slug":"stuten","status":"publish","type":"page","link":"https:\/\/tolle-ponys.de\/?page_id=105","title":{"rendered":"Stuten"},"content":{"rendered":"<p><!--more--><\/p>\n<p><code>\t<\/code><\/p>\n<ul>\n<li>\n<blockquote><p><img loading=\"lazy\" class=\"alignnone size-full wp-image-106\" src=\"http:\/\/tolle-ponys.de\/wp-content\/uploads\/2014\/06\/zuchtstuten.png\" alt=\"Zuchtstuten\" width=\"700\" height=\"22\" srcset=\"https:\/\/tolle-ponys.de\/wp-content\/uploads\/2014\/06\/zuchtstuten.png 700w, https:\/\/tolle-ponys.de\/wp-content\/uploads\/2014\/06\/zuchtstuten-120x3.png 120w, https:\/\/tolle-ponys.de\/wp-content\/uploads\/2014\/06\/zuchtstuten-300x9.png 300w\" sizes=\"(max-width: 700px) 100vw, 700px\" \/><\/p>\n<p>&nbsp;<\/p>\n<p><strong>Die M\u00fcttergene machen&#8217;s<\/strong><\/p>\n<p>Die Grundlage unserer Ponyzucht ist ein Sportpony. Das war unsere Stammstute Gesa, die wir 12j\u00e4hrig f\u00fcr den Reitsport unserer Kinder erwarben. Ihr Vater war der (kleine) Vollbl\u00fcter Ultimo xx, ein erfolgreicher Galopper, und ihre Mutter eine Welsh Mountain Stute. Wie sich sp\u00e4ter zeigen sollte, war diese Anpaarung eine hervorragende Entscheidung des Z\u00fcchters Paul Schweers aus Lastrup. Gesa brachte uns mit Gamby Cat und St.Pr.St. Gesa La Volta zwei exzellente Zuchtstuten, vor allem mit Gamby Cat, die uns\u00a0 sehr erfolgreiche Nachkommen gebracht hat. Ebenso erfolgreich: Gambys Enkeltochter St.Pr.St. Hannekens Highlight We mit bisher 10 Fohlen, tollen Hengstnachkommen und einer Doppelchampioness auf den Bundeschampionaten 2022 und 2023 (Highlights Daily Joy).<\/p>\n<hr \/>\n<p>&nbsp;<\/p>\n<p>&nbsp;<\/p>\n<p>&nbsp;<\/p>\n<table style=\"margin: 0px auto; width: 126.896%; height: 438px;\">\n<tbody>\n<tr>\n<td style=\"text-align: center; width: 25.0485%;\"><a title=\"Gamby Cat\" href=\"http:\/\/tolle-ponys.de\/?page_id=247\"><span style=\"color: #0066cc; font-family: Georgia;\"><img loading=\"lazy\" class=\"alignnone-vs alignnone wp-image-116 size-full\" src=\"http:\/\/tolle-ponys.de\/wp-content\/uploads\/2014\/06\/vs.jpg\" alt=\"Gamby Cat\" width=\"150\" height=\"150\" srcset=\"https:\/\/tolle-ponys.de\/wp-content\/uploads\/2014\/06\/vs.jpg 150w, https:\/\/tolle-ponys.de\/wp-content\/uploads\/2014\/06\/vs-100x100.jpg 100w\" sizes=\"(max-width: 150px) 100vw, 150px\" \/><\/span><\/a><\/td>\n<td style=\"text-align: center; width: 10.0971%;\"><img loading=\"lazy\" class=\"alignnone size-full wp-image-66\" src=\"http:\/\/tolle-ponys.de\/wp-content\/uploads\/2014\/06\/trans_20x100.png\" alt=\"trans_20x100\" width=\"30\" height=\"100\" \/><\/td>\n<td style=\"text-align: center; width: 31.2621%;\"><span style=\"color: #0066cc; font-family: Georgia;\"><a href=\"http:\/\/tolle-ponys.de\/?page_id=1024\"><img loading=\"lazy\" class=\"alignnone-vs alignnone wp-image-1045 size-full\" src=\"http:\/\/tolle-ponys.de\/wp-content\/uploads\/2014\/06\/Hannekens-Highlight-150x150.jpg\" alt=\"\" width=\"150\" height=\"150\" srcset=\"https:\/\/tolle-ponys.de\/wp-content\/uploads\/2014\/06\/Hannekens-Highlight-150x150.jpg 150w, https:\/\/tolle-ponys.de\/wp-content\/uploads\/2014\/06\/Hannekens-Highlight-150x150-120x120.jpg 120w\" sizes=\"(max-width: 150px) 100vw, 150px\" \/><\/a><\/span><\/td>\n<td style=\"text-align: center; width: 10.0971%;\"><strong><img loading=\"lazy\" class=\"alignnone size-full wp-image-66\" src=\"http:\/\/tolle-ponys.de\/wp-content\/uploads\/2014\/06\/trans_20x100.png\" alt=\"trans_20x100\" width=\"30\" height=\"100\" \/> <\/strong><\/td>\n<td style=\"text-align: center; width: 17.4914%;\"><a href=\"https:\/\/tolle-ponys.de\/?page_id=1311\"><img loading=\"lazy\" class=\"alignnone-vs alignnone wp-image-1309 \" src=\"https:\/\/tolle-ponys.de\/wp-content\/uploads\/2018\/08\/Clara-vs.jpg\" alt=\"Nicole Claire\" width=\"95\" height=\"95\" srcset=\"https:\/\/tolle-ponys.de\/wp-content\/uploads\/2018\/08\/Clara-vs.jpg 150w, https:\/\/tolle-ponys.de\/wp-content\/uploads\/2018\/08\/Clara-vs-120x120.jpg 120w\" sizes=\"(max-width: 95px) 100vw, 95px\" \/><\/a><\/td>\n<\/tr>\n<tr>\n<td style=\"text-align: center; width: 25.0485%;\"><a title=\"Gamby Cat\" href=\"?page_id=247\"><strong>Elitestute GAMBY CAT<br \/>\n<\/strong><\/a><span style=\"font-size: 9pt;\">v. Brillant<br \/>\n*1998 &#8211; Braun &#8211; 1,47 m<\/span><strong>\u00a0<\/strong><\/td>\n<td style=\"text-align: center; width: 10.0971%;\"><strong>\u00a0<\/strong><\/td>\n<td style=\"text-align: center; width: 31.2621%;\"><span style=\"font-size: 9pt;\"><strong><span style=\"color: #000000; font-size: medium;\"><a title=\"St.Pr.St. Hannekens Highlight WE\" href=\"http:\/\/tolle-ponys.de\/?page_id=1024\">St.Pr.St. HANNEKENS<br \/>\nHIGHLIGHT WE<\/a><br \/>\n<\/span><\/strong><span style=\"font-size: 9pt;\">v.\u00a0Manchester United<br \/>\n*2012 &#8211;\u00a0Fuchs &#8211; 1,44 m<\/span><\/span><\/td>\n<td style=\"text-align: center; width: 10.0971%;\"><strong>\u00a0<\/strong><\/td>\n<td style=\"text-align: center; width: 17.4914%;\"><span style=\"font-size: 9pt;\"><b><span style=\"color: #000000; font-size: medium;\"><a title=\"St.Pr.St. NICOLE CLAIRE PK\" href=\"https:\/\/tolle-ponys.de\/?page_id=1311\">St.Pr.St.<br \/>\nNICOLE CLAIRE PK<\/a><\/span><br \/>\n<\/b><\/span><span style=\"font-size: 9pt;\">v. FS Numero Uno<br \/>\n*2013 &#8211;\u00a0Fuchs &#8211; 1,50 m<\/span><\/td>\n<\/tr>\n<tr>\n<td style=\"text-align: center; width: 93.9962%;\" colspan=\"5\"><\/td>\n<\/tr>\n<\/tbody>\n<\/table>\n<hr \/>\n<table style=\"margin: 0px auto; width: 123.862%;\">\n<tbody>\n<tr>\n<td style=\"text-align: center; width: 36.1364%;\"><span style=\"color: #0066cc; font-family: Georgia;\"><a title=\"Gesa\" href=\"?page_id=141\"><img loading=\"lazy\" class=\"alignnone-vs alignnone wp-image-118 size-full\" src=\"http:\/\/tolle-ponys.de\/wp-content\/uploads\/2014\/06\/vs1.jpg\" alt=\"Gesa\" width=\"150\" height=\"150\" srcset=\"https:\/\/tolle-ponys.de\/wp-content\/uploads\/2014\/06\/vs1.jpg 150w, https:\/\/tolle-ponys.de\/wp-content\/uploads\/2014\/06\/vs1-100x100.jpg 100w\" sizes=\"(max-width: 150px) 100vw, 150px\" \/><\/a><\/span><\/td>\n<td style=\"text-align: center; width: 15%;\"><img loading=\"lazy\" class=\"alignnone size-full wp-image-66\" src=\"http:\/\/tolle-ponys.de\/wp-content\/uploads\/2014\/06\/trans_20x100.png\" alt=\"trans_20x100\" width=\"30\" height=\"100\" \/><\/td>\n<td style=\"text-align: center; width: 72.2727%;\"><a title=\"St.Pr.St. Gesa La Volta\" href=\"?page_id=208\"><img loading=\"lazy\" class=\"alignnone-vs alignnone wp-image-119 size-full\" src=\"http:\/\/tolle-ponys.de\/wp-content\/uploads\/2014\/06\/vs2.jpg\" alt=\"St.Pr.St. Gesa la Volta\" width=\"150\" height=\"150\" srcset=\"https:\/\/tolle-ponys.de\/wp-content\/uploads\/2014\/06\/vs2.jpg 150w, https:\/\/tolle-ponys.de\/wp-content\/uploads\/2014\/06\/vs2-100x100.jpg 100w\" sizes=\"(max-width: 150px) 100vw, 150px\" \/><\/a><\/td>\n<\/tr>\n<tr>\n<td style=\"text-align: center; width: 36.1364%;\"><span style=\"font-size: 9pt;\"><a title=\"Gesa\" href=\"?page_id=141\"><span style=\"font-size: medium;\"><strong>GESA<\/strong><\/span><\/a><strong><span style=\"color: #000000; font-size: medium;\"> \u2020<br \/>\n<\/span><\/strong><span style=\"font-size: 9pt;\">v. Ultimo xx<br \/>\n*1980 &#8211; Braun &#8211; 1,48 m<\/span><\/span><\/td>\n<td style=\"text-align: center; width: 15%;\"><\/td>\n<td style=\"text-align: center; width: 72.2727%;\"><span style=\"font-size: 9pt;\"><a title=\"St.Pr.St. Gesa La Volta\" href=\"?page_id=208\"><span style=\"font-size: medium;\"><strong>St.Pr.St. GESA LA VOLTA<\/strong><\/span><\/a><strong><span style=\"color: #000000; font-size: medium;\"> \u2020<br \/>\n<\/span><\/strong><span style=\"font-size: 9pt;\">v. Vivaldi<br \/>\n*2000 &#8211; Braun &#8211; 1,47 m<\/span><\/span><\/td>\n<\/tr>\n<\/tbody>\n<\/table>\n<p>&nbsp;<\/p>\n<table style=\"margin: 0px auto; width: 132.287%;\">\n<tbody>\n<tr>\n<td style=\"text-align: center; width: 25.2546%;\"><a title=\"St.Pr.St. Gambys Greta WE\" href=\"?page_id=724\"><img loading=\"lazy\" class=\"alignnone-vs alignnone wp-image-320 size-full\" src=\"http:\/\/tolle-ponys.de\/wp-content\/uploads\/2014\/06\/web3-s3.jpg\" alt=\"St.Pr.St. Gambys Greta\" width=\"150\" height=\"150\" srcset=\"https:\/\/tolle-ponys.de\/wp-content\/uploads\/2014\/06\/web3-s3.jpg 150w, https:\/\/tolle-ponys.de\/wp-content\/uploads\/2014\/06\/web3-s3-120x120.jpg 120w\" sizes=\"(max-width: 150px) 100vw, 150px\" \/><\/a><\/td>\n<td style=\"text-align: center; width: 9.77597%;\"><img loading=\"lazy\" class=\"alignnone size-full wp-image-66\" src=\"http:\/\/tolle-ponys.de\/wp-content\/uploads\/2014\/06\/trans_20x100.png\" alt=\"trans_20x100\" width=\"30\" height=\"100\" \/><\/td>\n<td style=\"text-align: center; width: 30.7536%;\"><a title=\"Gambys Hanneken WE\" href=\"?page_id=323%20\"><img loading=\"lazy\" class=\"alignnone-vs alignnone wp-image-120 size-full\" src=\"http:\/\/tolle-ponys.de\/wp-content\/uploads\/2014\/06\/vs3.jpg\" alt=\"Gambys Hanneken WE\" width=\"150\" height=\"150\" srcset=\"https:\/\/tolle-ponys.de\/wp-content\/uploads\/2014\/06\/vs3.jpg 150w, https:\/\/tolle-ponys.de\/wp-content\/uploads\/2014\/06\/vs3-100x100.jpg 100w\" sizes=\"(max-width: 150px) 100vw, 150px\" \/><\/a><\/td>\n<td style=\"text-align: center; width: 9.77597%;\"><img loading=\"lazy\" class=\"alignnone size-full wp-image-66\" src=\"http:\/\/tolle-ponys.de\/wp-content\/uploads\/2014\/06\/trans_20x100.png\" alt=\"trans_20x100\" width=\"30\" height=\"100\" \/><\/td>\n<td style=\"text-align: center; width: 44.0616%;\"><a title=\"St.Pr.St. D' une Fleur\" href=\"?page_id=364\"><img loading=\"lazy\" class=\"alignnone-vs alignnone wp-image-123 size-full\" src=\"http:\/\/tolle-ponys.de\/wp-content\/uploads\/2014\/06\/vs5.jpg\" alt=\"St.Pr.St. D'une Fleur\" width=\"150\" height=\"150\" srcset=\"https:\/\/tolle-ponys.de\/wp-content\/uploads\/2014\/06\/vs5.jpg 150w, https:\/\/tolle-ponys.de\/wp-content\/uploads\/2014\/06\/vs5-100x100.jpg 100w\" sizes=\"(max-width: 150px) 100vw, 150px\" \/><\/a><\/td>\n<\/tr>\n<tr>\n<td style=\"text-align: center; width: 25.2546%;\"><a title=\"St.Pr.St. Gambys Greta WE\" href=\"http:\/\/tolle-ponys.de\/?page_id=724\"><strong>St.Pr.St. GAMBYS GRETA WE<\/strong><\/a><a title=\"Gamby Cat\" href=\"?page_id=247\"><br \/>\n<\/a><span style=\"font-size: 9pt;\">v. FS Don&#8217;t Worry<br \/>\n*2008 &#8211; Braun &#8211; 1,48 m<br \/>\n<strong><em>verkauft 2016<\/em><\/strong><br \/>\n<\/span><\/td>\n<td style=\"text-align: center; width: 9.77597%;\"><\/td>\n<td style=\"text-align: center; width: 30.7536%;\"><span style=\"font-size: 9pt;\"><a title=\"Gambys Hanneken WE\" href=\"?page_id=323%20\"><strong><span style=\"font-size: medium;\">GAMBYS HANNEKEN WE<\/span><\/strong><\/a><br \/>\n<span style=\"font-size: 9pt;\">v. FS Don&#8217;t Worry<br \/>\n*2009 &#8211; Fuchsfalbe &#8211; 1,47 m<br \/>\n<strong><em>verkauft 2013<\/em><\/strong><\/span><\/span><\/td>\n<td style=\"text-align: center; width: 9.77597%;\"><\/td>\n<td style=\"text-align: center; width: 44.0616%;\"><a title=\"St.Pr.St. D' une Fleur\" href=\"?page_id=364\"><strong>St.Pr.St. <\/strong><\/a><\/p>\n<p><a title=\"St.Pr.St. D' une Fleur\" href=\"?page_id=364\"><strong>D&#8217; UNE FLEUR<\/strong><\/a><br \/>\n<span style=\"font-size: 9pt;\">v. Der Feine Lord AT<br \/>\n*2004 &#8211; Fuchs &#8211; 1,47 m<br \/>\n<strong><em>verkauft 2011<\/em><\/strong><br \/>\n<\/span><\/td>\n<\/tr>\n<\/tbody>\n<\/table>\n<p><a href=\"https:\/\/tolle-ponys.de\/wp-content\/uploads\/2024\/07\/mandyhollmannphotographie_IMG_1692_Original-priv.-Nutzung-_006b849b_-scaled.jpg\"><img loading=\"lazy\" class=\"size-thumbnail wp-image-1636 alignleft\" src=\"https:\/\/tolle-ponys.de\/wp-content\/uploads\/2024\/07\/mandyhollmannphotographie_IMG_1692_Original-priv.-Nutzung-_006b849b_-120x80.jpg\" alt=\"\" width=\"120\" height=\"80\" srcset=\"https:\/\/tolle-ponys.de\/wp-content\/uploads\/2024\/07\/mandyhollmannphotographie_IMG_1692_Original-priv.-Nutzung-_006b849b_-120x80.jpg 120w, https:\/\/tolle-ponys.de\/wp-content\/uploads\/2024\/07\/mandyhollmannphotographie_IMG_1692_Original-priv.-Nutzung-_006b849b_-300x200.jpg 300w, https:\/\/tolle-ponys.de\/wp-content\/uploads\/2024\/07\/mandyhollmannphotographie_IMG_1692_Original-priv.-Nutzung-_006b849b_-900x600.jpg 900w, https:\/\/tolle-ponys.de\/wp-content\/uploads\/2024\/07\/mandyhollmannphotographie_IMG_1692_Original-priv.-Nutzung-_006b849b_-768x512.jpg 768w, https:\/\/tolle-ponys.de\/wp-content\/uploads\/2024\/07\/mandyhollmannphotographie_IMG_1692_Original-priv.-Nutzung-_006b849b_-1536x1024.jpg 1536w, https:\/\/tolle-ponys.de\/wp-content\/uploads\/2024\/07\/mandyhollmannphotographie_IMG_1692_Original-priv.-Nutzung-_006b849b_-2048x1365.jpg 2048w\" sizes=\"(max-width: 120px) 100vw, 120px\" \/><\/a><\/p>\n<p>&nbsp;<\/p>\n<p>&nbsp;<\/p>\n<p>&nbsp;<\/p>\n<p style=\"text-align: left;\"><a title=\"St.Pr.St. Gambys Greta WE\" href=\"http:\/\/tolle-ponys.de\/?page_id=724\"><strong>St.Pr.A. <\/strong><\/a><br \/>\n<a title=\"St.Pr.St. Gambys Greta WE\" href=\"http:\/\/tolle-ponys.de\/?page_id=724\"><strong>Claire Marie WE<\/strong><\/a><a title=\"Gamby Cat\" href=\"?page_id=247\"><br \/>\n<\/a><span style=\"font-size: 9pt;\">v. Celebration WE<br \/>\n<\/span><span style=\"font-size: 9pt;\">*2020 &#8211; Fuchs &#8211; 1,47 m<\/span><\/p>\n<p>&nbsp;<\/p>\n<p>&nbsp;<\/p><\/blockquote>\n<\/li>\n<\/ul>\n","protected":false},"excerpt":{"rendered":"","protected":false},"author":1,"featured_media":0,"parent":0,"menu_order":0,"comment_status":"closed","ping_status":"closed","template":"onecolumn-page.php","meta":[],"_links":{"self":[{"href":"https:\/\/tolle-ponys.de\/index.php?rest_route=\/wp\/v2\/pages\/105"}],"collection":[{"href":"https:\/\/tolle-ponys.de\/index.php?rest_route=\/wp\/v2\/pages"}],"about":[{"href":"https:\/\/tolle-ponys.de\/index.php?rest_route=\/wp\/v2\/types\/page"}],"author":[{"embeddable":true,"href":"https:\/\/tolle-ponys.de\/index.php?rest_route=\/wp\/v2\/users\/1"}],"replies":[{"embeddable":true,"href":"https:\/\/tolle-ponys.de\/index.php?rest_route=%2Fwp%2Fv2%2Fcomments&post=105"}],"version-history":[{"count":104,"href":"https:\/\/tolle-ponys.de\/index.php?rest_route=\/wp\/v2\/pages\/105\/revisions"}],"predecessor-version":[{"id":17180,"href":"https:\/\/tolle-ponys.de\/index.php?rest_route=\/wp\/v2\/pages\/105\/revisions\/17180"}],"wp:attachment":[{"href":"https:\/\/tolle-ponys.de\/index.php?rest_route=%2Fwp%2Fv2%2Fmedia&parent=105"}],"curies":[{"name":"wp","href":"https:\/\/api.w.org\/{rel}","templated":true}]}}