{"id":141,"date":"2014-06-26T10:56:16","date_gmt":"2014-06-26T08:56:16","guid":{"rendered":"http:\/\/tolle-ponys.de\/?page_id=141"},"modified":"2017-07-31T18:17:57","modified_gmt":"2017-07-31T16:17:57","slug":"gesa","status":"publish","type":"page","link":"https:\/\/tolle-ponys.de\/?page_id=141","title":{"rendered":"Gesa"},"content":{"rendered":"<p><img loading=\"lazy\" class=\"alignnone size-full wp-image-106\" src=\"http:\/\/tolle-ponys.de\/wp-content\/uploads\/2014\/06\/zuchtstuten.png\" alt=\"Zuchtstuten\" width=\"700\" height=\"22\" srcset=\"https:\/\/tolle-ponys.de\/wp-content\/uploads\/2014\/06\/zuchtstuten.png 700w, https:\/\/tolle-ponys.de\/wp-content\/uploads\/2014\/06\/zuchtstuten-120x3.png 120w, https:\/\/tolle-ponys.de\/wp-content\/uploads\/2014\/06\/zuchtstuten-300x9.png 300w\" sizes=\"(max-width: 700px) 100vw, 700px\" \/><\/p>\n<p>&nbsp;<\/p>\n<p><strong><img loading=\"lazy\" class=\"alignright wp-image-118 size-full\" src=\"http:\/\/tolle-ponys.de\/wp-content\/uploads\/2014\/06\/vs1.jpg\" alt=\"Gesa\" width=\"150\" height=\"150\" srcset=\"https:\/\/tolle-ponys.de\/wp-content\/uploads\/2014\/06\/vs1.jpg 150w, https:\/\/tolle-ponys.de\/wp-content\/uploads\/2014\/06\/vs1-100x100.jpg 100w\" sizes=\"(max-width: 150px) 100vw, 150px\" \/><\/strong><\/p>\n<p><strong><span style=\"color: #a60a20; font-size: 14pt;\">GESA<\/span> \u2020<\/strong><\/p>\n<p>v. Ultimo xx &#8211; Ready Token Warrior<br \/>\nDeutsches Reitpony<br \/>\n*1980 \u223c\u00a0Braun \u223c 1,48 m<strong><br \/>\n<\/strong><\/p>\n<p>&nbsp;<\/p>\n<p>&nbsp;<\/p>\n<div class=\"ped\">\n<table class=\"ped\">\n<tbody>\n<tr>\n<td class=\"ped1\" rowspan=\"4\"><strong>ULTIMO\u00a0xx<br \/>\n<\/strong><\/td>\n<td class=\"ped2\" rowspan=\"2\">Obermaat xx<\/td>\n<td class=\"ped3\">Goody xx<\/td>\n<td class=\"ped4-b\">v. Admiral Drake xx<\/td>\n<\/tr>\n<tr>\n<td class=\"ped3-b\">Offenbarung xx<\/td>\n<td class=\"ped4-b\">v. Ticino xx<\/td>\n<\/tr>\n<tr>\n<td class=\"ped2-b\" rowspan=\"2\">Uno xx<\/td>\n<td class=\"ped3\">Orator xx<\/td>\n<td class=\"ped4-b\">v. Athanasius xx<\/td>\n<\/tr>\n<tr>\n<td class=\"ped3-b\">Unterwegs xx<\/td>\n<td class=\"ped4-b\">v. Wahnfried xx<\/td>\n<\/tr>\n<tr>\n<td class=\"ped1\" rowspan=\"4\">GERDI<\/td>\n<td class=\"ped2\" rowspan=\"2\"><strong>Ready Token Warrior<\/strong><\/td>\n<td class=\"ped3\">Ready Token Lancelot<\/td>\n<td class=\"ped4-b\">v. Marsh Crusader<\/td>\n<\/tr>\n<tr>\n<td class=\"ped3-b\">Ready Token Celandine<\/td>\n<td class=\"ped4-b\">v. Shalbourne Mischief<\/td>\n<\/tr>\n<tr>\n<td class=\"ped2\" rowspan=\"2\">Gerzijako<\/td>\n<td class=\"ped3\"><strong>Tan Lan Deryn O Fon<\/strong><\/td>\n<td class=\"ped4-b\">v. Vaynor Rocket<\/td>\n<\/tr>\n<tr>\n<td class=\"ped3\">Tr Bryn Grey Star<\/td>\n<td class=\"ped4\">v. <strong>Revel Ballet Dancer<\/strong><\/td>\n<\/tr>\n<\/tbody>\n<\/table>\n<\/div>\n<p><span style=\"font-size: 18pt;\"><strong>M<\/strong><\/span>it dem kleinen Vollbl\u00fcter Ultimo XX als Vater und Gerdi, einer Welsh Mountain Pony Stute v. Ready Token Warrior als Mutter war\u00a0Gesa eine Endma\u00df-Ponystute mit einer wunderbaren, sportlichen Aufmachung. Urspr\u00fcnglich als Reitpony f\u00fcr unsere Kinder gekauft, wurde sie sp\u00e4ter zur Stammstute unserer Zucht.<\/p>\n<p>Alle ihre Nachkommen in der ersten und der zweiten Generation profitierten von ihrer aktiven Hinterhand, einer hervorragenden Galoppade und gutem Springverm\u00f6gen.\u00a0Sie bekam mit 16 Jahren das erste von\u00a0drei Fohlen.<\/p>\n<hr \/>\n<p><strong><img loading=\"lazy\" class=\"aligncenter size-full wp-image-308\" src=\"http:\/\/tolle-ponys.de\/wp-content\/uploads\/2014\/06\/nachkommen.png\" alt=\"nachkommen\" width=\"500\" height=\"22\" srcset=\"https:\/\/tolle-ponys.de\/wp-content\/uploads\/2014\/06\/nachkommen.png 500w, https:\/\/tolle-ponys.de\/wp-content\/uploads\/2014\/06\/nachkommen-120x5.png 120w, https:\/\/tolle-ponys.de\/wp-content\/uploads\/2014\/06\/nachkommen-300x13.png 300w\" sizes=\"(max-width: 500px) 100vw, 500px\" \/><\/strong><\/p>\n<p>&nbsp;<\/p>\n\n<table id=\"tablepress-2\" class=\"tablepress tablepress-id-2\">\n<tbody>\n<tr class=\"row-1\">\n\t<td class=\"column-1\"><img src=\"http:\/\/tolle-ponys.de\/wp-content\/uploads\/2014\/06\/vs.jpg\" alt=\"\" width=\"120\" height=\"120\" class=\"alignnone-vs alignnone size-full wp-image-116\" \/><\/td><td class=\"column-2\"><img src=\"http:\/\/tolle-ponys.de\/wp-content\/uploads\/2014\/06\/vs4.jpg\" alt=\"\" width=\"120\" height=\"120\" class=\"alignnone-vs alignnone size-full wp-image-121\" \/><\/td><td class=\"column-3\"><img src=\"http:\/\/tolle-ponys.de\/wp-content\/uploads\/2014\/06\/vs2.jpg\" alt=\"\" width=\"120\" height=\"120\" class=\"alignnone-vs alignnone size-full wp-image-119\" \/><\/td>\n<\/tr>\n<tr class=\"row-2\">\n\t<td class=\"column-1\"><strong><a href=\"http:\/\/tolle-ponys.de\/?page_id=247\">GAMBY CAT<\/a><\/strong><br \/>\n<span style=\"font-size: 9pt;\">v. Brillant<br \/>\n*1998<\/span><\/td><td class=\"column-2\"><strong><a href=\"http:\/\/tolle-ponys.de\/?p=162\">GENTILEZA<\/a><\/strong><br \/>\n<span style=\"font-size: 9pt;\">v. Brillant<br \/>\n*1999<\/span><\/td><td class=\"column-3\"><strong><a href=\"http:\/\/tolle-ponys.de\/?page_id=208\">GESA LA VOLTA<\/a><\/strong><br \/>\n<span style=\"font-size: 9pt;\">v. Vivaldi<br \/>\n*2000<\/span><\/td>\n<\/tr>\n<\/tbody>\n<\/table>\n<!-- #tablepress-2 from cache -->\n","protected":false},"excerpt":{"rendered":"<p>&nbsp; GESA \u2020 v. Ultimo &hellip; <a style=\"color: #a60a20; font-weight: bold\" href=\"https:\/\/tolle-ponys.de\/?page_id=141\">mehr <span class=\"meta-nav\">&raquo;<\/span><\/a><\/p>\n","protected":false},"author":1,"featured_media":0,"parent":105,"menu_order":0,"comment_status":"closed","ping_status":"closed","template":"","meta":[],"_links":{"self":[{"href":"https:\/\/tolle-ponys.de\/index.php?rest_route=\/wp\/v2\/pages\/141"}],"collection":[{"href":"https:\/\/tolle-ponys.de\/index.php?rest_route=\/wp\/v2\/pages"}],"about":[{"href":"https:\/\/tolle-ponys.de\/index.php?rest_route=\/wp\/v2\/types\/page"}],"author":[{"embeddable":true,"href":"https:\/\/tolle-ponys.de\/index.php?rest_route=\/wp\/v2\/users\/1"}],"replies":[{"embeddable":true,"href":"https:\/\/tolle-ponys.de\/index.php?rest_route=%2Fwp%2Fv2%2Fcomments&post=141"}],"version-history":[{"count":27,"href":"https:\/\/tolle-ponys.de\/index.php?rest_route=\/wp\/v2\/pages\/141\/revisions"}],"predecessor-version":[{"id":1236,"href":"https:\/\/tolle-ponys.de\/index.php?rest_route=\/wp\/v2\/pages\/141\/revisions\/1236"}],"up":[{"embeddable":true,"href":"https:\/\/tolle-ponys.de\/index.php?rest_route=\/wp\/v2\/pages\/105"}],"wp:attachment":[{"href":"https:\/\/tolle-ponys.de\/index.php?rest_route=%2Fwp%2Fv2%2Fmedia&parent=141"}],"curies":[{"name":"wp","href":"https:\/\/api.w.org\/{rel}","templated":true}]}}