{"id":2,"date":"2014-06-25T11:13:46","date_gmt":"2014-06-25T11:13:46","guid":{"rendered":"http:\/\/tolle-ponys.de\/?page_id=2"},"modified":"2017-06-25T19:44:14","modified_gmt":"2017-06-25T17:44:14","slug":"beispiel-seite","status":"publish","type":"page","link":"https:\/\/tolle-ponys.de\/?page_id=2","title":{"rendered":"\u00dcber uns"},"content":{"rendered":"<p><img loading=\"lazy\" class=\"alignnone wp-image-58 size-full\" src=\"http:\/\/tolle-ponys.de\/wp-content\/uploads\/2014\/06\/about.png\" alt=\"\" width=\"700\" height=\"26\" srcset=\"https:\/\/tolle-ponys.de\/wp-content\/uploads\/2014\/06\/about.png 700w, https:\/\/tolle-ponys.de\/wp-content\/uploads\/2014\/06\/about-120x4.png 120w, https:\/\/tolle-ponys.de\/wp-content\/uploads\/2014\/06\/about-300x11.png 300w\" sizes=\"(max-width: 700px) 100vw, 700px\" \/><\/p>\n<p>&nbsp;<\/p>\n<table>\n<tbody>\n<tr>\n<td style=\"text-align: justify;\" colspan=\"7\"><strong>Unser Zuhause&#8230;<br \/>\n<\/strong> &#8230; bietet ideale Bedingungen f\u00fcr die artgerechte Haltung unserer Vierbeiner. Auf den gro\u00dfl\u00e4ufigen Weiden verbringen unsere Ponys nicht nur das Fr\u00fchjahr und den Sommer, sondern genie\u00dfen auch im Winter\u00a0 Auslauf. Wenn dann im Fr\u00fchjahr die Fohlen das Licht der Welt erblicken und gesund und munter im Freien herumtoben k\u00f6nnen, lacht das Z\u00fcchterherz.<\/td>\n<\/tr>\n<tr>\n<td style=\"text-align: center;\" colspan=\"7\"><img loading=\"lazy\" class=\"alignnone wp-image-76 size-full\" src=\"http:\/\/tolle-ponys.de\/wp-content\/uploads\/2014\/06\/trans_20x20.png\" alt=\"\" width=\"20\" height=\"20\" \/><\/td>\n<\/tr>\n<tr>\n<td style=\"text-align: center;\"><a href=\"http:\/\/tolle-ponys.de\/wp-content\/uploads\/2014\/06\/DSCN0040_900px.jpg\"><img loading=\"lazy\" class=\"alignnone wp-image-30 size-thumbnail\" title=\"Zur gr\u00f6\u00dferen Ansicht bitte klicken!\" src=\"http:\/\/tolle-ponys.de\/wp-content\/uploads\/2014\/06\/DSCN0040_900px-120x79.jpg\" alt=\"\" width=\"120\" height=\"79\" srcset=\"https:\/\/tolle-ponys.de\/wp-content\/uploads\/2014\/06\/DSCN0040_900px-120x79.jpg 120w, https:\/\/tolle-ponys.de\/wp-content\/uploads\/2014\/06\/DSCN0040_900px-300x199.jpg 300w, https:\/\/tolle-ponys.de\/wp-content\/uploads\/2014\/06\/DSCN0040_900px.jpg 900w\" sizes=\"(max-width: 120px) 100vw, 120px\" \/><\/a><\/td>\n<td style=\"text-align: center;\"><img loading=\"lazy\" class=\"alignnone size-full wp-image-66\" src=\"http:\/\/tolle-ponys.de\/wp-content\/uploads\/2014\/06\/trans_20x100.png\" alt=\"trans_20x100\" width=\"30\" height=\"100\" \/><\/td>\n<td style=\"text-align: center;\"><a href=\"http:\/\/tolle-ponys.de\/wp-content\/uploads\/2014\/06\/DSCN0041_900px.jpg\"><img loading=\"lazy\" class=\"alignnone wp-image-31\" title=\"Zur gr\u00f6\u00dferen Ansicht bitte klicken!\" src=\"http:\/\/tolle-ponys.de\/wp-content\/uploads\/2014\/06\/DSCN0041_900px-120x79.jpg\" alt=\"Sommerweide\" width=\"124\" height=\"79\" \/><\/a><\/td>\n<td style=\"text-align: center;\"><img loading=\"lazy\" class=\"alignnone size-full wp-image-66\" src=\"http:\/\/tolle-ponys.de\/wp-content\/uploads\/2014\/06\/trans_20x100.png\" alt=\"trans_20x100\" width=\"30\" height=\"100\" \/><\/td>\n<td style=\"text-align: center;\"><a href=\"http:\/\/tolle-ponys.de\/wp-content\/uploads\/2014\/06\/DSCN0055_900px.jpg\"><img loading=\"lazy\" class=\"alignnone wp-image-32 size-thumbnail\" title=\"Zur gr\u00f6\u00dferen Ansicht bitte klicken!\" src=\"http:\/\/tolle-ponys.de\/wp-content\/uploads\/2014\/06\/DSCN0055_900px-120x79.jpg\" alt=\"\" width=\"120\" height=\"79\" srcset=\"https:\/\/tolle-ponys.de\/wp-content\/uploads\/2014\/06\/DSCN0055_900px-120x79.jpg 120w, https:\/\/tolle-ponys.de\/wp-content\/uploads\/2014\/06\/DSCN0055_900px-300x199.jpg 300w, https:\/\/tolle-ponys.de\/wp-content\/uploads\/2014\/06\/DSCN0055_900px.jpg 900w\" sizes=\"(max-width: 120px) 100vw, 120px\" \/><\/a><\/td>\n<td style=\"text-align: center;\"><img loading=\"lazy\" class=\"alignnone size-full wp-image-66\" src=\"http:\/\/tolle-ponys.de\/wp-content\/uploads\/2014\/06\/trans_20x100.png\" alt=\"trans_20x100\" width=\"30\" height=\"100\" \/><\/td>\n<td style=\"text-align: center;\"><a href=\"http:\/\/tolle-ponys.de\/wp-content\/uploads\/2014\/06\/dscn0006_900px.jpg\"><img loading=\"lazy\" class=\"alignnone wp-image-28 size-thumbnail\" title=\"Zur gr\u00f6\u00dferen Ansicht bitte klicken!\" src=\"http:\/\/tolle-ponys.de\/wp-content\/uploads\/2014\/06\/dscn0006_900px-120x79.jpg\" alt=\"Weide im Winter\" width=\"120\" height=\"79\" srcset=\"https:\/\/tolle-ponys.de\/wp-content\/uploads\/2014\/06\/dscn0006_900px-120x79.jpg 120w, https:\/\/tolle-ponys.de\/wp-content\/uploads\/2014\/06\/dscn0006_900px-300x199.jpg 300w, https:\/\/tolle-ponys.de\/wp-content\/uploads\/2014\/06\/dscn0006_900px.jpg 900w\" sizes=\"(max-width: 120px) 100vw, 120px\" \/><\/a><\/td>\n<\/tr>\n<tr>\n<td style=\"text-align: center;\" colspan=\"7\"><img loading=\"lazy\" class=\"alignnone wp-image-76 size-full\" src=\"http:\/\/tolle-ponys.de\/wp-content\/uploads\/2014\/06\/trans_20x20.png\" alt=\"\" width=\"20\" height=\"20\" \/><\/td>\n<\/tr>\n<tr>\n<td style=\"text-align: justify;\" colspan=\"7\">Ein Pedigree allein macht noch kein Erfolgspony! Gerade eine ausgewogene Ern\u00e4hrung und viel Auslauf\u00a0sind\u00a0beste Bedingungen f\u00fcr die Aufzucht junger Ponys, damit diese sich optimal entwickeln k\u00f6nnen und somit eine ideale Basis f\u00fcr den sp\u00e4teren Weg in Zucht und\/ oder Sport haben.<\/td>\n<\/tr>\n<tr>\n<td style=\"text-align: justify;\" colspan=\"7\"><img loading=\"lazy\" class=\"alignnone wp-image-76 size-full\" src=\"http:\/\/tolle-ponys.de\/wp-content\/uploads\/2014\/06\/trans_20x20.png\" alt=\"\" width=\"20\" height=\"20\" \/><\/td>\n<\/tr>\n<tr>\n<td style=\"text-align: center;\"><a href=\"http:\/\/tolle-ponys.de\/wp-content\/uploads\/2014\/06\/Pottebaum-7005489_900px.jpg\"><img loading=\"lazy\" class=\"alignnone wp-image-72 size-thumbnail\" title=\"Zur gr\u00f6\u00dferen Ansicht bitte klicken!\" src=\"http:\/\/tolle-ponys.de\/wp-content\/uploads\/2014\/06\/Pottebaum-7005489_900px-120x85.jpg\" alt=\"\" width=\"120\" height=\"85\" srcset=\"https:\/\/tolle-ponys.de\/wp-content\/uploads\/2014\/06\/Pottebaum-7005489_900px-120x85.jpg 120w, https:\/\/tolle-ponys.de\/wp-content\/uploads\/2014\/06\/Pottebaum-7005489_900px-300x214.jpg 300w, https:\/\/tolle-ponys.de\/wp-content\/uploads\/2014\/06\/Pottebaum-7005489_900px.jpg 900w\" sizes=\"(max-width: 120px) 100vw, 120px\" \/><\/a><\/td>\n<td style=\"text-align: center;\"><img loading=\"lazy\" class=\"alignnone size-full wp-image-66\" src=\"http:\/\/tolle-ponys.de\/wp-content\/uploads\/2014\/06\/trans_20x100.png\" alt=\"trans_20x100\" width=\"30\" height=\"100\" \/><\/td>\n<td style=\"text-align: center;\"><a href=\"http:\/\/tolle-ponys.de\/wp-content\/uploads\/2014\/06\/Gesa-Gamby-Monika_900px.jpg\"><img loading=\"lazy\" class=\"alignnone wp-image-70 size-thumbnail\" title=\"Zur gr\u00f6\u00dferen Ansicht bitte klicken!\" src=\"http:\/\/tolle-ponys.de\/wp-content\/uploads\/2014\/06\/Gesa-Gamby-Monika_900px-120x80.jpg\" alt=\"\" width=\"120\" height=\"80\" srcset=\"https:\/\/tolle-ponys.de\/wp-content\/uploads\/2014\/06\/Gesa-Gamby-Monika_900px-120x80.jpg 120w, https:\/\/tolle-ponys.de\/wp-content\/uploads\/2014\/06\/Gesa-Gamby-Monika_900px-300x200.jpg 300w, https:\/\/tolle-ponys.de\/wp-content\/uploads\/2014\/06\/Gesa-Gamby-Monika_900px.jpg 900w\" sizes=\"(max-width: 120px) 100vw, 120px\" \/><\/a><\/td>\n<td style=\"text-align: center;\"><img loading=\"lazy\" class=\"alignnone size-full wp-image-66\" src=\"http:\/\/tolle-ponys.de\/wp-content\/uploads\/2014\/06\/trans_20x100.png\" alt=\"trans_20x100\" width=\"30\" height=\"100\" \/><\/td>\n<td style=\"text-align: center;\"><a href=\"http:\/\/tolle-ponys.de\/wp-content\/uploads\/2014\/06\/IMG_6469_900px.jpg\"><img loading=\"lazy\" class=\"alignnone wp-image-71 size-thumbnail\" title=\"Zur gr\u00f6\u00dferen Ansicht bitte klicken!\" src=\"http:\/\/tolle-ponys.de\/wp-content\/uploads\/2014\/06\/IMG_6469_900px-120x80.jpg\" alt=\"\" width=\"120\" height=\"80\" srcset=\"https:\/\/tolle-ponys.de\/wp-content\/uploads\/2014\/06\/IMG_6469_900px-120x80.jpg 120w, https:\/\/tolle-ponys.de\/wp-content\/uploads\/2014\/06\/IMG_6469_900px-300x200.jpg 300w, https:\/\/tolle-ponys.de\/wp-content\/uploads\/2014\/06\/IMG_6469_900px.jpg 900w\" sizes=\"(max-width: 120px) 100vw, 120px\" \/><\/a><\/td>\n<td style=\"text-align: center;\"><img loading=\"lazy\" class=\"alignnone size-full wp-image-66\" src=\"http:\/\/tolle-ponys.de\/wp-content\/uploads\/2014\/06\/trans_20x100.png\" alt=\"trans_20x100\" width=\"30\" height=\"100\" \/><\/td>\n<td style=\"text-align: center;\"><a href=\"http:\/\/tolle-ponys.de\/wp-content\/uploads\/2014\/06\/DSCN0038_900px.jpg\"><img loading=\"lazy\" class=\"alignnone wp-image-73 size-thumbnail\" title=\"Zur gr\u00f6\u00dferen Ansicht bitte klicken!\" src=\"http:\/\/tolle-ponys.de\/wp-content\/uploads\/2014\/06\/DSCN0038_900px-120x79.jpg\" alt=\"Hof Pottebaum\" width=\"120\" height=\"79\" srcset=\"https:\/\/tolle-ponys.de\/wp-content\/uploads\/2014\/06\/DSCN0038_900px-120x79.jpg 120w, https:\/\/tolle-ponys.de\/wp-content\/uploads\/2014\/06\/DSCN0038_900px-300x199.jpg 300w, https:\/\/tolle-ponys.de\/wp-content\/uploads\/2014\/06\/DSCN0038_900px.jpg 900w\" sizes=\"(max-width: 120px) 100vw, 120px\" \/><\/a><\/td>\n<\/tr>\n<tr>\n<td style=\"text-align: center;\"><span style=\"font-size: 8pt;\">Paul mit Gamby Cat\u00a0und Cosimo<\/span><\/td>\n<td style=\"text-align: center;\"><\/td>\n<td style=\"text-align: center;\"><span style=\"font-size: 8pt;\">Monika mit Gesa und Gamby Cat<\/span><\/td>\n<td style=\"text-align: center;\"><\/td>\n<td style=\"text-align: center;\"><span style=\"font-size: 8pt;\">Paul\u00a0und Timo\u00a0mit Greta<\/span><\/td>\n<td style=\"text-align: center;\"><\/td>\n<td style=\"text-align: center;\"><span style=\"font-size: 8pt;\">Sch\u00f6ne Aussichten<\/span><\/td>\n<\/tr>\n<tr>\n<td style=\"text-align: center;\"><\/td>\n<td style=\"text-align: center;\"><\/td>\n<td style=\"text-align: center;\"><\/td>\n<td style=\"text-align: center;\"><\/td>\n<td style=\"text-align: center;\"><img loading=\"lazy\" class=\"alignnone wp-image-76 size-full\" src=\"http:\/\/tolle-ponys.de\/wp-content\/uploads\/2014\/06\/trans_20x20.png\" alt=\"\" width=\"20\" height=\"20\" \/><\/td>\n<td style=\"text-align: center;\"><\/td>\n<td style=\"text-align: center;\"><\/td>\n<\/tr>\n<tr>\n<td style=\"text-align: justify;\" colspan=\"7\">Die z\u00fcchterischen und sportlichen Erfolge unserer bisherigen Nachzuchten\u00a0sind f\u00fcr uns\u00a0der beste Beweis,\u00a0dass unsere Philosophie die Richtige ist.<\/td>\n<\/tr>\n<\/tbody>\n<\/table>\n<p>&nbsp;<\/p>\n","protected":false},"excerpt":{"rendered":"<p>&nbsp; Unser Zuhause&#8230; &#8230; bietet &hellip; <a style=\"color: #a60a20; font-weight: bold\" href=\"https:\/\/tolle-ponys.de\/?page_id=2\">mehr <span class=\"meta-nav\">&raquo;<\/span><\/a><\/p>\n","protected":false},"author":1,"featured_media":0,"parent":0,"menu_order":0,"comment_status":"open","ping_status":"open","template":"","meta":[],"_links":{"self":[{"href":"https:\/\/tolle-ponys.de\/index.php?rest_route=\/wp\/v2\/pages\/2"}],"collection":[{"href":"https:\/\/tolle-ponys.de\/index.php?rest_route=\/wp\/v2\/pages"}],"about":[{"href":"https:\/\/tolle-ponys.de\/index.php?rest_route=\/wp\/v2\/types\/page"}],"author":[{"embeddable":true,"href":"https:\/\/tolle-ponys.de\/index.php?rest_route=\/wp\/v2\/users\/1"}],"replies":[{"embeddable":true,"href":"https:\/\/tolle-ponys.de\/index.php?rest_route=%2Fwp%2Fv2%2Fcomments&post=2"}],"version-history":[{"count":57,"href":"https:\/\/tolle-ponys.de\/index.php?rest_route=\/wp\/v2\/pages\/2\/revisions"}],"predecessor-version":[{"id":1211,"href":"https:\/\/tolle-ponys.de\/index.php?rest_route=\/wp\/v2\/pages\/2\/revisions\/1211"}],"wp:attachment":[{"href":"https:\/\/tolle-ponys.de\/index.php?rest_route=%2Fwp%2Fv2%2Fmedia&parent=2"}],"curies":[{"name":"wp","href":"https:\/\/api.w.org\/{rel}","templated":true}]}}