{"id":208,"date":"2014-06-26T13:56:06","date_gmt":"2014-06-26T11:56:06","guid":{"rendered":"http:\/\/tolle-ponys.de\/?page_id=208"},"modified":"2014-09-19T14:03:48","modified_gmt":"2014-09-19T12:03:48","slug":"st-pr-st-gesa-la-volta","status":"publish","type":"page","link":"https:\/\/tolle-ponys.de\/?page_id=208","title":{"rendered":"St.Pr.St. Gesa La Volta"},"content":{"rendered":"<p><img loading=\"lazy\" class=\"alignnone size-full wp-image-106\" src=\"http:\/\/tolle-ponys.de\/wp-content\/uploads\/2014\/06\/zuchtstuten.png\" alt=\"Zuchtstuten\" width=\"700\" height=\"22\" srcset=\"https:\/\/tolle-ponys.de\/wp-content\/uploads\/2014\/06\/zuchtstuten.png 700w, https:\/\/tolle-ponys.de\/wp-content\/uploads\/2014\/06\/zuchtstuten-120x3.png 120w, https:\/\/tolle-ponys.de\/wp-content\/uploads\/2014\/06\/zuchtstuten-300x9.png 300w\" sizes=\"(max-width: 700px) 100vw, 700px\" \/><\/p>\n<p>&nbsp;<\/p>\n<p><strong><img loading=\"lazy\" class=\"alignright wp-image-119 size-full\" src=\"http:\/\/tolle-ponys.de\/wp-content\/uploads\/2014\/06\/vs2.jpg\" alt=\"\" width=\"150\" height=\"150\" srcset=\"https:\/\/tolle-ponys.de\/wp-content\/uploads\/2014\/06\/vs2.jpg 150w, https:\/\/tolle-ponys.de\/wp-content\/uploads\/2014\/06\/vs2-100x100.jpg 100w\" sizes=\"(max-width: 150px) 100vw, 150px\" \/><img loading=\"lazy\" class=\"alignleft size-full wp-image-191\" src=\"http:\/\/tolle-ponys.de\/wp-content\/uploads\/2014\/06\/we1.png\" alt=\"DR Weser-Ems\" width=\"69\" height=\"115\" \/><\/strong><\/p>\n<p><strong><span style=\"color: #a60a20; font-size: 14pt;\"><br \/>\nSt.Pr.St. GESA LA VOLTA<\/span> \u2020<\/strong><\/p>\n<p>v. Vivaldi &#8211; Ultimo xx<br \/>\nDR Weser-Ems<br \/>\n*2000 \u223c Braun \u223c 1,47 m<\/p>\n<p>&nbsp;<\/p>\n<p>&nbsp;<\/p>\n<div class=\"ped\">\n<table class=\"ped\">\n<tbody>\n<tr>\n<td class=\"ped1\" rowspan=\"4\"><strong>VIVALDI<br \/>\n<\/strong><\/td>\n<td class=\"ped2\" rowspan=\"2\">Valiant Starlight<\/td>\n<td class=\"ped3\">Valentino<\/td>\n<td class=\"ped4-b\">v. BWLCH Valentino<\/td>\n<\/tr>\n<tr>\n<td class=\"ped3-b\">Nadine<\/td>\n<td class=\"ped4-b\">v. Black Magic<\/td>\n<\/tr>\n<tr>\n<td class=\"ped2-b\" rowspan=\"2\">Nica H<\/td>\n<td class=\"ped3\">Nathan<\/td>\n<td class=\"ped4-b\">v. Nazim AA<\/td>\n<\/tr>\n<tr>\n<td class=\"ped3-b\">Nobell H<\/td>\n<td class=\"ped4-b\">v. Sinton Bellhop<\/td>\n<\/tr>\n<tr>\n<td class=\"ped1\" rowspan=\"4\">GESA<\/td>\n<td class=\"ped2\" rowspan=\"2\"><strong><strong>ULTIMO xx<\/strong><\/strong><\/td>\n<td class=\"ped3\">Obermaat xx<\/td>\n<td class=\"ped4-b\">v. Goody xx<\/td>\n<\/tr>\n<tr>\n<td class=\"ped3-b\">Uno xx<\/td>\n<td class=\"ped4-b\">v. Orator xx<\/td>\n<\/tr>\n<tr>\n<td class=\"ped2\" rowspan=\"2\">Gerdi<\/td>\n<td class=\"ped3\"><strong><strong>Ready Token Warrior<\/strong><\/strong><\/td>\n<td class=\"ped4-b\">v. Ready Token Lancelot<\/td>\n<\/tr>\n<tr>\n<td class=\"ped3\">Gerzijako<\/td>\n<td class=\"ped4\">v. <strong>Tan Lan Deryn O Fon<\/strong><\/td>\n<\/tr>\n<\/tbody>\n<\/table>\n<\/div>\n<p><a href=\"http:\/\/tolle-ponys.de\/wp-content\/uploads\/2014\/06\/web1.jpg\"><img loading=\"lazy\" class=\"alignright wp-image-205 size-thumbnail\" src=\"http:\/\/tolle-ponys.de\/wp-content\/uploads\/2014\/06\/web1-120x99.jpg\" alt=\"St.Pr.St. Gesa la Volta \" width=\"120\" height=\"99\" srcset=\"https:\/\/tolle-ponys.de\/wp-content\/uploads\/2014\/06\/web1-120x99.jpg 120w, https:\/\/tolle-ponys.de\/wp-content\/uploads\/2014\/06\/web1-300x248.jpg 300w, https:\/\/tolle-ponys.de\/wp-content\/uploads\/2014\/06\/web1-844x700.jpg 844w, https:\/\/tolle-ponys.de\/wp-content\/uploads\/2014\/06\/web1.jpg 900w\" sizes=\"(max-width: 120px) 100vw, 120px\" \/><br \/>\n<\/a><\/p>\n<p><strong><span style=\"font-size: 18pt;\">G<\/span><\/strong>esa La Volta ist Halbschwester zu unserer Zuchtstute\u00a0<a title=\"Gamby Cat\" href=\"http:\/\/tolle-ponys.de\/?page_id=247\">Gamby Cat<\/a>. Sie hat Vivaldi zum Vater, der nicht nur in zahlreichen gek\u00f6rten Hengsten und Staatspr\u00e4mienstuten sowie erfolgreichen Sportponys seine Qualit\u00e4t vererbte, sondern auch selbst in allen drei Sportarten (Dressur, Springen, Gel\u00e4nde) hocherfolgreich war. Seine bekanntesten Nachkommen sind van Gogh und der Bundeschampionat-Doppelsieger Voyager, der sehr erfolgreich im nationalen und internationalen Sport ist.<\/p>\n<p><a href=\"http:\/\/tolle-ponys.de\/wp-content\/uploads\/2014\/06\/web2.jpg\"><img loading=\"lazy\" class=\"alignright wp-image-206 size-thumbnail\" src=\"http:\/\/tolle-ponys.de\/wp-content\/uploads\/2014\/06\/web2-120x80.jpg\" alt=\"St.Pr.St. Gesa la Volta \" width=\"120\" height=\"80\" srcset=\"https:\/\/tolle-ponys.de\/wp-content\/uploads\/2014\/06\/web2-120x80.jpg 120w, https:\/\/tolle-ponys.de\/wp-content\/uploads\/2014\/06\/web2-300x200.jpg 300w, https:\/\/tolle-ponys.de\/wp-content\/uploads\/2014\/06\/web2.jpg 900w\" sizes=\"(max-width: 120px) 100vw, 120px\" \/><\/a><\/p>\n<p>Gesa la Volta wurde von Liesl Hempe-Severit ausgebildet und \u00f6ffentlich vorgestellt, sie\u00a0qualifizierte sich 3-und 4j\u00e4hrig f\u00fcr das Bundeschampionat in Warendorf und erreichte dort 4j\u00e4hrig\u00a0den 6. Platz im Finale.<br \/>\nIhre beiden Nachkommen (sie verstarb leider fr\u00fchzeitig an einer Kolik) sind <a title=\"Pott\u2019s Pelle WE\" href=\"http:\/\/tolle-ponys.de\/?p=226\">Pott`s Pelle WE<\/a> v. Pour L`Amour und <a title=\"Bodo P\" href=\"http:\/\/tolle-ponys.de\/?p=235\">Bodo P<\/a> v. Hilkens Black Delight.<\/p>\n<p>&nbsp;<\/p>\n<hr \/>\n<p><strong><img loading=\"lazy\" class=\"aligncenter size-full wp-image-308\" src=\"http:\/\/tolle-ponys.de\/wp-content\/uploads\/2014\/06\/nachkommen.png\" alt=\"nachkommen\" width=\"500\" height=\"22\" srcset=\"https:\/\/tolle-ponys.de\/wp-content\/uploads\/2014\/06\/nachkommen.png 500w, https:\/\/tolle-ponys.de\/wp-content\/uploads\/2014\/06\/nachkommen-120x5.png 120w, https:\/\/tolle-ponys.de\/wp-content\/uploads\/2014\/06\/nachkommen-300x13.png 300w\" sizes=\"(max-width: 500px) 100vw, 500px\" \/><\/strong><\/p>\n\n<table id=\"tablepress-3\" class=\"tablepress tablepress-id-3\">\n<tbody>\n<tr class=\"row-1\">\n\t<td class=\"column-1\"><img src=\"http:\/\/tolle-ponys.de\/wp-content\/uploads\/2014\/07\/vs1-120x120.jpg\" alt=\"\" width=\"120\" height=\"120\" class=\"alignnone-vs alignnone size-thumbnail wp-image-678\" \/><\/td><td class=\"column-2\"><img src=\"http:\/\/tolle-ponys.de\/wp-content\/uploads\/2014\/06\/web1-s-120x120.jpg\" alt=\"\" width=\"120\" height=\"120\" class=\"alignnone-vs alignnone size-thumbnail wp-image-237\" \/><\/td>\n<\/tr>\n<tr class=\"row-2\">\n\t<td class=\"column-1\"><strong><a href=\"http:\/\/tolle-ponys.de\/?p=226\">POTT'S PELLE WE<\/a><\/strong><br \/>\n<span style=\"font-size: 9pt;\">v. FS Pour L' Amour<br \/>\n*2006<\/span><\/td><td class=\"column-2\"><strong><a href=\"http:\/\/tolle-ponys.de\/?p=235\">BODO P<\/a><\/strong><br \/>\n<span style=\"font-size: 9pt;\">v. Hilkens Black Delight<br \/>\n*2007<\/span><\/td>\n<\/tr>\n<\/tbody>\n<\/table>\n<!-- #tablepress-3 from cache -->\n","protected":false},"excerpt":{"rendered":"<p>&nbsp; St.Pr.St. GESA LA VOLTA &hellip; <a style=\"color: #a60a20; font-weight: bold\" href=\"https:\/\/tolle-ponys.de\/?page_id=208\">mehr <span class=\"meta-nav\">&raquo;<\/span><\/a><\/p>\n","protected":false},"author":1,"featured_media":0,"parent":105,"menu_order":0,"comment_status":"closed","ping_status":"closed","template":"","meta":[],"_links":{"self":[{"href":"https:\/\/tolle-ponys.de\/index.php?rest_route=\/wp\/v2\/pages\/208"}],"collection":[{"href":"https:\/\/tolle-ponys.de\/index.php?rest_route=\/wp\/v2\/pages"}],"about":[{"href":"https:\/\/tolle-ponys.de\/index.php?rest_route=\/wp\/v2\/types\/page"}],"author":[{"embeddable":true,"href":"https:\/\/tolle-ponys.de\/index.php?rest_route=\/wp\/v2\/users\/1"}],"replies":[{"embeddable":true,"href":"https:\/\/tolle-ponys.de\/index.php?rest_route=%2Fwp%2Fv2%2Fcomments&post=208"}],"version-history":[{"count":24,"href":"https:\/\/tolle-ponys.de\/index.php?rest_route=\/wp\/v2\/pages\/208\/revisions"}],"predecessor-version":[{"id":780,"href":"https:\/\/tolle-ponys.de\/index.php?rest_route=\/wp\/v2\/pages\/208\/revisions\/780"}],"up":[{"embeddable":true,"href":"https:\/\/tolle-ponys.de\/index.php?rest_route=\/wp\/v2\/pages\/105"}],"wp:attachment":[{"href":"https:\/\/tolle-ponys.de\/index.php?rest_route=%2Fwp%2Fv2%2Fmedia&parent=208"}],"curies":[{"name":"wp","href":"https:\/\/api.w.org\/{rel}","templated":true}]}}