{"id":247,"date":"2014-06-26T15:25:48","date_gmt":"2014-06-26T13:25:48","guid":{"rendered":"http:\/\/tolle-ponys.de\/?page_id=247"},"modified":"2022-02-02T15:48:00","modified_gmt":"2022-02-02T13:48:00","slug":"gamby-cat","status":"publish","type":"page","link":"https:\/\/tolle-ponys.de\/?page_id=247","title":{"rendered":"Gamby Cat"},"content":{"rendered":"<p><img loading=\"lazy\" class=\"alignnone size-full wp-image-106\" src=\"http:\/\/tolle-ponys.de\/wp-content\/uploads\/2014\/06\/zuchtstuten.png\" alt=\"Zuchtstuten\" width=\"700\" height=\"22\" srcset=\"https:\/\/tolle-ponys.de\/wp-content\/uploads\/2014\/06\/zuchtstuten.png 700w, https:\/\/tolle-ponys.de\/wp-content\/uploads\/2014\/06\/zuchtstuten-120x3.png 120w, https:\/\/tolle-ponys.de\/wp-content\/uploads\/2014\/06\/zuchtstuten-300x9.png 300w\" sizes=\"(max-width: 700px) 100vw, 700px\" \/><\/p>\n<p><strong><a href=\"http:\/\/tolle-ponys.de\/wp-content\/uploads\/2014\/06\/gamby-cosimo.jpg\"><img loading=\"lazy\" class=\"alignright size-full wp-image-116\" src=\"http:\/\/tolle-ponys.de\/wp-content\/uploads\/2014\/06\/vs.jpg\" alt=\"Gamby Cat\" width=\"150\" height=\"150\" srcset=\"https:\/\/tolle-ponys.de\/wp-content\/uploads\/2014\/06\/vs.jpg 150w, https:\/\/tolle-ponys.de\/wp-content\/uploads\/2014\/06\/vs-100x100.jpg 100w\" sizes=\"(max-width: 150px) 100vw, 150px\" \/><\/a> <img loading=\"lazy\" class=\"alignleft size-full wp-image-191\" src=\"http:\/\/tolle-ponys.de\/wp-content\/uploads\/2014\/06\/we1.png\" alt=\"DR Weser-Ems\" width=\"69\" height=\"115\" \/><span style=\"color: #a60a20; font-size: 14pt;\"><br \/>\nGAMBY CAT<\/span><\/strong><\/p>\n<p>Stute \u223c\u00a0DR Weser-Ems<br \/>\n*1998 \u223c\u00a0Braun \u223c 1,47 m<strong><br \/>\n<\/strong><\/p>\n<div class=\"ped\">\n<table class=\"ped\">\n<tbody>\n<tr>\n<td class=\"ped1\" rowspan=\"4\"><strong>El.H. BRILLANT<br \/>\n<\/strong><\/td>\n<td class=\"ped2\" rowspan=\"2\">Piran John Halifax<\/td>\n<td class=\"ped3\">BWLCH Hill Wind<\/td>\n<td class=\"ped4-b\">v. BWLCH Zephyr<\/td>\n<\/tr>\n<tr>\n<td class=\"ped3-b\">Arden Domino<\/td>\n<td class=\"ped4-b\">v. Blue Domino<\/td>\n<\/tr>\n<tr>\n<td class=\"ped2-b\" rowspan=\"2\">St. Lawrence Lilactime<\/td>\n<td class=\"ped3\">Arthur Sullivan xx<\/td>\n<td class=\"ped4-b\">v.\u00a0Talgo xx<\/td>\n<\/tr>\n<tr>\n<td class=\"ped3-b\">Downland Candytuft<\/td>\n<td class=\"ped4-b\">v. Downland Dominie<\/td>\n<\/tr>\n<tr>\n<td class=\"ped1\" rowspan=\"4\">GESA<\/td>\n<td class=\"ped2\" rowspan=\"2\"><strong><strong>ULTIMO xx<\/strong><\/strong><\/td>\n<td class=\"ped3\">Obermaat xx<\/td>\n<td class=\"ped4-b\">v. Goody xx<\/td>\n<\/tr>\n<tr>\n<td class=\"ped3-b\">Uno xx<\/td>\n<td class=\"ped4-b\">v. Orator xx<\/td>\n<\/tr>\n<tr>\n<td class=\"ped2\" rowspan=\"2\">Gerdi<\/td>\n<td class=\"ped3\"><strong><strong>Ready Token Warrior<\/strong><\/strong><\/td>\n<td class=\"ped4-b\">v. Ready Token Lancelot<\/td>\n<\/tr>\n<tr>\n<td class=\"ped3\">Gerzijako<\/td>\n<td class=\"ped4\">v. <strong>Tan Lan Deryn O Fon<\/strong><\/td>\n<\/tr>\n<\/tbody>\n<\/table>\n<\/div>\n<div style=\"display: block;\"><\/div>\n<div style=\"width: 100%\"><span style=\"font-size: 18pt;\"><strong><a href=\"http:\/\/tolle-ponys.de\/wp-content\/uploads\/2014\/06\/gamby.jpg\"><img loading=\"lazy\" class=\"alignright size-thumbnail wp-image-249\" src=\"http:\/\/tolle-ponys.de\/wp-content\/uploads\/2014\/06\/gamby-120x80.jpg\" alt=\"Gamby Cat\" width=\"120\" height=\"80\" srcset=\"https:\/\/tolle-ponys.de\/wp-content\/uploads\/2014\/06\/gamby-120x80.jpg 120w, https:\/\/tolle-ponys.de\/wp-content\/uploads\/2014\/06\/gamby-300x200.jpg 300w, https:\/\/tolle-ponys.de\/wp-content\/uploads\/2014\/06\/gamby.jpg 900w\" sizes=\"(max-width: 120px) 100vw, 120px\" \/><\/a><\/strong><\/span><\/p>\n<p><span style=\"font-size: 18pt;\"><strong>G<\/strong><\/span>amby Cat ist ein Musterexemplar eines modernen Sportponys: H\u00fcbsch, aktiv und bewegungsstark.<br \/>\nIhr Vater Brillant war nicht nur selbst erfolgreich im Sport (bis zur Klasse S im Dressursport), er vererbte sich auch \u00fcberragend mit mehr als 35 gek\u00f6rten S\u00f6hnen, mehr als 200 eingetragenen Zuchtstuten. Er war ein Ausnahmepony und pr\u00e4gte die Ponyzucht in Weser Ems ma\u00dfgeblich mit. Die Lebensgewinnsumme seiner Nachkommen betrug 2013\u00a0\u00fcber 235.000,00\u00a0Euro.<br \/>\nGamby Cat brachte mit vier Jahren ihr erstes Fohlen, welches leider aufgrund einer Kopfverletzung eingeschl\u00e4fert werden musste. Darauf folgten mit nur einem Jahr Unterbrechung elf weitere Nachkommen bis zum Jahr 2015, die ausnahmslos vom Pferdestammbuch Weser-Ems mit einer Pr\u00e4mie ausgezeichnet, erfolgreiche Sportponys wurden und mit ihren regelm\u00e4\u00dfigen Auftritten bei den Bundeschampionaten die Qualit\u00e4t der Gamby Cat immer wieder best\u00e4tigten.\u00a0Ihr 2006 geborener\u00a0Sohn Charlie Rivel wurde 2008 in Westfalen gek\u00f6rt und machte sie damit zur Hengstmutter.<\/p>\n<p>Die Nachkommen unserer Gamby Cat konnten bis Ende 2021 ca. 18.000 Euro gewinnen! Die erfolgreichsten Ponys hierbei sind u. a. Carlos Carinho WE, Pott\u2019s Blitz WE, Gambys Greta WE, Gambys Hanneken und Cosimo P WE.<\/p>\n<p>Mit Staatspr\u00e4mien bzw. -Anwartschaften wurden ausgezeichnet: Gambys Greta WE, Gambys Mary Lou WE, Gambys Juliet WE und Hannekens Highlight WE sowie deren T\u00f6chter Highlights Rising Sun und Highlight&#8217;s D-Lady.<\/p>\n<p>Unsere Ponys aus der Gamby Cat tragen alle, bis auf Pott`s Daddy Boy, der erst 5-j\u00e4hrig im Sport vorgestellt wurde, die &#8220;WE&#8221;-Auszeichnung des Zuchtverbandes.<\/p>\n<p>Gamby Cat wurde 2018 vom Zuchtverband Weser-Ems als <strong>Elitestute<\/strong> ausgezeichnet.\n<\/div>\n<hr \/>\n<p><strong><img loading=\"lazy\" class=\"aligncenter size-full wp-image-308\" src=\"http:\/\/tolle-ponys.de\/wp-content\/uploads\/2014\/06\/nachkommen.png\" alt=\"nachkommen\" width=\"500\" height=\"22\" srcset=\"https:\/\/tolle-ponys.de\/wp-content\/uploads\/2014\/06\/nachkommen.png 500w, https:\/\/tolle-ponys.de\/wp-content\/uploads\/2014\/06\/nachkommen-120x5.png 120w, https:\/\/tolle-ponys.de\/wp-content\/uploads\/2014\/06\/nachkommen-300x13.png 300w\" sizes=\"(max-width: 500px) 100vw, 500px\" \/><\/strong><\/p>\n","protected":false},"excerpt":{"rendered":"<p>GAMBY CAT Stute \u223c\u00a0DR Weser-Ems &hellip; <a style=\"color: #a60a20; font-weight: bold\" href=\"https:\/\/tolle-ponys.de\/?page_id=247\">mehr <span class=\"meta-nav\">&raquo;<\/span><\/a><\/p>\n","protected":false},"author":1,"featured_media":0,"parent":105,"menu_order":0,"comment_status":"closed","ping_status":"closed","template":"","meta":[],"_links":{"self":[{"href":"https:\/\/tolle-ponys.de\/index.php?rest_route=\/wp\/v2\/pages\/247"}],"collection":[{"href":"https:\/\/tolle-ponys.de\/index.php?rest_route=\/wp\/v2\/pages"}],"about":[{"href":"https:\/\/tolle-ponys.de\/index.php?rest_route=\/wp\/v2\/types\/page"}],"author":[{"embeddable":true,"href":"https:\/\/tolle-ponys.de\/index.php?rest_route=\/wp\/v2\/users\/1"}],"replies":[{"embeddable":true,"href":"https:\/\/tolle-ponys.de\/index.php?rest_route=%2Fwp%2Fv2%2Fcomments&post=247"}],"version-history":[{"count":28,"href":"https:\/\/tolle-ponys.de\/index.php?rest_route=\/wp\/v2\/pages\/247\/revisions"}],"predecessor-version":[{"id":1569,"href":"https:\/\/tolle-ponys.de\/index.php?rest_route=\/wp\/v2\/pages\/247\/revisions\/1569"}],"up":[{"embeddable":true,"href":"https:\/\/tolle-ponys.de\/index.php?rest_route=\/wp\/v2\/pages\/105"}],"wp:attachment":[{"href":"https:\/\/tolle-ponys.de\/index.php?rest_route=%2Fwp%2Fv2%2Fmedia&parent=247"}],"curies":[{"name":"wp","href":"https:\/\/api.w.org\/{rel}","templated":true}]}}