{"id":323,"date":"2014-06-26T21:41:09","date_gmt":"2014-06-26T19:41:09","guid":{"rendered":"http:\/\/tolle-ponys.de\/?page_id=323"},"modified":"2015-04-30T15:59:12","modified_gmt":"2015-04-30T13:59:12","slug":"gambys-hanneken-we","status":"publish","type":"page","link":"https:\/\/tolle-ponys.de\/?page_id=323","title":{"rendered":"Gambys Hanneken WE"},"content":{"rendered":"<p><img loading=\"lazy\" class=\"alignnone size-full wp-image-106\" src=\"http:\/\/tolle-ponys.de\/wp-content\/uploads\/2014\/06\/zuchtstuten.png\" alt=\"Zuchtstuten\" width=\"700\" height=\"22\" srcset=\"https:\/\/tolle-ponys.de\/wp-content\/uploads\/2014\/06\/zuchtstuten.png 700w, https:\/\/tolle-ponys.de\/wp-content\/uploads\/2014\/06\/zuchtstuten-120x3.png 120w, https:\/\/tolle-ponys.de\/wp-content\/uploads\/2014\/06\/zuchtstuten-300x9.png 300w\" sizes=\"(max-width: 700px) 100vw, 700px\" \/><\/p>\n<p>&nbsp;<\/p>\n<p><img loading=\"lazy\" class=\"alignleft size-full wp-image-191\" src=\"http:\/\/tolle-ponys.de\/wp-content\/uploads\/2014\/06\/we1.png\" alt=\"DR Weser-Ems\" width=\"69\" height=\"115\" \/><a href=\"http:\/\/tolle-ponys.de\/wp-content\/uploads\/2014\/06\/web32.jpg\"><br \/>\n<\/a><a href=\"http:\/\/tolle-ponys.de\/wp-content\/uploads\/2014\/06\/web32.jpg\"><img loading=\"lazy\" class=\"alignright wp-image-326 size-full\" src=\"http:\/\/tolle-ponys.de\/wp-content\/uploads\/2014\/06\/web2-s1.jpg\" alt=\"\" width=\"150\" height=\"150\" srcset=\"https:\/\/tolle-ponys.de\/wp-content\/uploads\/2014\/06\/web2-s1.jpg 150w, https:\/\/tolle-ponys.de\/wp-content\/uploads\/2014\/06\/web2-s1-120x120.jpg 120w\" sizes=\"(max-width: 150px) 100vw, 150px\" \/><\/a><strong><span style=\"color: #a60a20; font-size: 14pt;\"> GAMBYS HANNEKEN WE<\/span><\/strong><\/p>\n<p>Stute \u223c DR Weser-Ems<br \/>\n*2009 \u223c\u00a0Fuchs \u223c 1,48 m<\/p>\n<p>&nbsp;<\/p>\n<p>&nbsp;<\/p>\n<div class=\"ped\">\n<table class=\"ped\">\n<tbody>\n<tr>\n<td class=\"ped1\" rowspan=\"4\"><strong>FS DON&#8217;T WORRY<br \/>\n<\/strong><\/td>\n<td class=\"ped2\" rowspan=\"2\">FS Dacapo Doro<\/td>\n<td class=\"ped3\">Derano Gold<\/td>\n<td class=\"ped4-b\">v. Derano<\/td>\n<\/tr>\n<tr>\n<td class=\"ped3-b\">Karina<\/td>\n<td class=\"ped4-b\">v. Downland Chorister<\/td>\n<\/tr>\n<tr>\n<td class=\"ped2-b\" rowspan=\"2\">St.Pr.St. FS Golden Sunlight<\/td>\n<td class=\"ped3\">Golden Dancer<\/td>\n<td class=\"ped4-b\">v. Dancer<\/td>\n<\/tr>\n<tr>\n<td class=\"ped3-b\">Eileen<\/td>\n<td class=\"ped4-b\">v. Black Magic<\/td>\n<\/tr>\n<tr>\n<td class=\"ped1\" rowspan=\"4\">GAMBY CAT<\/td>\n<td class=\"ped2\" rowspan=\"2\"><strong><strong>El.H. Brillant<\/strong><\/strong><\/td>\n<td class=\"ped3\">Piran John Halifax<\/td>\n<td class=\"ped4-b\">v. BWLCH Hill Wind<\/td>\n<\/tr>\n<tr>\n<td class=\"ped3-b\">St. Lawrence Lilactime<\/td>\n<td class=\"ped4-b\">v. Arthur Sullivan xx<\/td>\n<\/tr>\n<tr>\n<td class=\"ped2\" rowspan=\"2\">Gesa<\/td>\n<td class=\"ped3\"><strong><strong><strong>Ultimo xx<\/strong><\/strong><\/strong><\/td>\n<td class=\"ped4-b\">v. Obermaat xx<\/td>\n<\/tr>\n<tr>\n<td class=\"ped3\">Gerdi<\/td>\n<td class=\"ped4\">v. <strong>Ready Token Warrior<\/strong><\/td>\n<\/tr>\n<\/tbody>\n<\/table>\n<\/div>\n<p><span style=\"font-size: 18pt;\"><strong><a href=\"http:\/\/tolle-ponys.de\/wp-content\/uploads\/2014\/06\/web18.jpg\"><img loading=\"lazy\" class=\"alignright size-thumbnail wp-image-324\" src=\"http:\/\/tolle-ponys.de\/wp-content\/uploads\/2014\/06\/web18-120x80.jpg\" alt=\"web1\" width=\"120\" height=\"80\" srcset=\"https:\/\/tolle-ponys.de\/wp-content\/uploads\/2014\/06\/web18-120x80.jpg 120w, https:\/\/tolle-ponys.de\/wp-content\/uploads\/2014\/06\/web18-300x200.jpg 300w, https:\/\/tolle-ponys.de\/wp-content\/uploads\/2014\/06\/web18.jpg 900w\" sizes=\"(max-width: 120px) 100vw, 120px\" \/><\/a>G<\/strong><\/span>ambys Hanneken WE brachte mit 3 Jahren ihr erstes Fohlen namens Hannekens Highlight vom Weser-Ems Siegerhengst 2010, Manchester United, zur Welt. Sie wurde von Anna-Lisa Theile ausgebildet und\u00a0in 2013 erstmalig \u00f6ffentlich vorgestellt und konnte sich in Reitpferdepr\u00fcfungen mehrfach platzieren. Kr\u00f6nender Abschluss der 2013er Turniersaison war dann Platz 3 beim Bundeschampionat der 4j\u00e4hrigen Reitponys, bevor sie nach D\u00e4nemark verkauft wurde. Dort wurde\u00a0 sie schon 5j\u00e4hrig auf den vorderen Pl\u00e4tzen in Dressurpferde- und Dressurpr\u00fcfungen bis Kl. L gesehen. J\u00fcngst gewann sie mit kaum 6 Jahren ihre erste FEI Pr\u00fcfung.<\/p>\n<hr \/>\n<p><strong><img loading=\"lazy\" class=\"aligncenter size-full wp-image-308\" src=\"http:\/\/tolle-ponys.de\/wp-content\/uploads\/2014\/06\/nachkommen.png\" alt=\"nachkommen\" width=\"500\" height=\"22\" srcset=\"https:\/\/tolle-ponys.de\/wp-content\/uploads\/2014\/06\/nachkommen.png 500w, https:\/\/tolle-ponys.de\/wp-content\/uploads\/2014\/06\/nachkommen-120x5.png 120w, https:\/\/tolle-ponys.de\/wp-content\/uploads\/2014\/06\/nachkommen-300x13.png 300w\" sizes=\"(max-width: 500px) 100vw, 500px\" \/><\/strong><\/p>\n\n<table id=\"tablepress-4\" class=\"tablepress tablepress-id-4\">\n<tbody>\n<tr class=\"row-1\">\n\t<td class=\"column-1\"><img src=\"http:\/\/tolle-ponys.de\/wp-content\/uploads\/2014\/06\/Hannekens-Highlight-s-120x120.jpg\" alt=\"\" width=\"120\" height=\"120\" class=\"alignnone-vs alignnone size-thumbnail wp-image-334\" \/><\/td>\n<\/tr>\n<tr class=\"row-2\">\n\t<td class=\"column-1\"><strong><a href=\"http:\/\/tolle-ponys.de\/?page_id=1024\">HANNEKENS HIGHLIGHT<\/a><\/strong><br \/>\n<span style=\"font-size: 9pt;\">v. Manchester United<br \/>\n*2012<\/span><\/td>\n<\/tr>\n<\/tbody>\n<\/table>\n<!-- #tablepress-4 from cache -->\n","protected":false},"excerpt":{"rendered":"<p>&nbsp; GAMBYS HANNEKEN WE Stute &hellip; <a style=\"color: #a60a20; font-weight: bold\" href=\"https:\/\/tolle-ponys.de\/?page_id=323\">mehr <span class=\"meta-nav\">&raquo;<\/span><\/a><\/p>\n","protected":false},"author":1,"featured_media":0,"parent":105,"menu_order":0,"comment_status":"closed","ping_status":"closed","template":"","meta":[],"_links":{"self":[{"href":"https:\/\/tolle-ponys.de\/index.php?rest_route=\/wp\/v2\/pages\/323"}],"collection":[{"href":"https:\/\/tolle-ponys.de\/index.php?rest_route=\/wp\/v2\/pages"}],"about":[{"href":"https:\/\/tolle-ponys.de\/index.php?rest_route=\/wp\/v2\/types\/page"}],"author":[{"embeddable":true,"href":"https:\/\/tolle-ponys.de\/index.php?rest_route=\/wp\/v2\/users\/1"}],"replies":[{"embeddable":true,"href":"https:\/\/tolle-ponys.de\/index.php?rest_route=%2Fwp%2Fv2%2Fcomments&post=323"}],"version-history":[{"count":13,"href":"https:\/\/tolle-ponys.de\/index.php?rest_route=\/wp\/v2\/pages\/323\/revisions"}],"predecessor-version":[{"id":819,"href":"https:\/\/tolle-ponys.de\/index.php?rest_route=\/wp\/v2\/pages\/323\/revisions\/819"}],"up":[{"embeddable":true,"href":"https:\/\/tolle-ponys.de\/index.php?rest_route=\/wp\/v2\/pages\/105"}],"wp:attachment":[{"href":"https:\/\/tolle-ponys.de\/index.php?rest_route=%2Fwp%2Fv2%2Fmedia&parent=323"}],"curies":[{"name":"wp","href":"https:\/\/api.w.org\/{rel}","templated":true}]}}