{"id":406,"date":"2014-06-27T08:41:41","date_gmt":"2014-06-27T06:41:41","guid":{"rendered":"http:\/\/tolle-ponys.de\/?page_id=406"},"modified":"2017-07-31T18:07:02","modified_gmt":"2017-07-31T16:07:02","slug":"nachzucht","status":"publish","type":"page","link":"https:\/\/tolle-ponys.de\/?page_id=406","title":{"rendered":"Nachzucht"},"content":{"rendered":"<p><img loading=\"lazy\" class=\"alignnone wp-image-407 size-full\" src=\"http:\/\/tolle-ponys.de\/wp-content\/uploads\/2014\/06\/nachzucht.png\" alt=\"\" width=\"700\" height=\"22\" srcset=\"https:\/\/tolle-ponys.de\/wp-content\/uploads\/2014\/06\/nachzucht.png 700w, https:\/\/tolle-ponys.de\/wp-content\/uploads\/2014\/06\/nachzucht-120x3.png 120w, https:\/\/tolle-ponys.de\/wp-content\/uploads\/2014\/06\/nachzucht-300x9.png 300w\" sizes=\"(max-width: 700px) 100vw, 700px\" \/><\/p>\n<p>&nbsp;<\/p>\n<p style=\"text-align: left;\"><strong>Leidenschaft\u00a0mit Erfolg<\/strong><\/p>\n<p style=\"text-align: justify;\"><a href=\"http:\/\/tolle-ponys.de\/wp-content\/uploads\/2014\/06\/Collage.jpg\"><img loading=\"lazy\" class=\"alignright wp-image-494 \" title=\"Zur gr\u00f6\u00dferen Ansicht bitte klicken!\" src=\"http:\/\/tolle-ponys.de\/wp-content\/uploads\/2014\/06\/Collage-120x93.jpg\" alt=\"Collage\" width=\"209\" height=\"162\" srcset=\"https:\/\/tolle-ponys.de\/wp-content\/uploads\/2014\/06\/Collage-120x93.jpg 120w, https:\/\/tolle-ponys.de\/wp-content\/uploads\/2014\/06\/Collage-300x233.jpg 300w, https:\/\/tolle-ponys.de\/wp-content\/uploads\/2014\/06\/Collage.jpg 900w\" sizes=\"(max-width: 209px) 100vw, 209px\" \/><\/a>\u201cDer Apfel f\u00e4llt nicht weit vom Stamm\u201d\u2026 Ein uraltes Sprichwort, welches sich doch immer wieder bewahrheitet. Unsere dynamisch-junge Ponyzucht ist f\u00fcr uns unser gr\u00f6\u00dftes Hobby mit viel Leidenschaft&#8230; Die z\u00fcchterischen und sportlichen Erfolge unserer bisherigen Nachzuchten\u00a0sind f\u00fcr uns\u00a0der beste Beweis,\u00a0dass unsere Philosophie die Richtige ist.<\/p>\n<p>&nbsp;<\/p>\n<hr \/>\n<p>&nbsp;<\/p>\n\n<table id=\"tablepress-6\" class=\"tablepress tablepress-id-6\">\n<tbody>\n<tr class=\"row-1\">\n\t<td class=\"column-1\"><img src=\"http:\/\/tolle-ponys.de\/wp-content\/uploads\/2014\/06\/vs.jpg\" alt=\"\" width=\"120\" height=\"120\" class=\"alignnone-vs alignnone size-full wp-image-116\" \/><\/td><td class=\"column-2\"><img src=\"http:\/\/tolle-ponys.de\/wp-content\/uploads\/2014\/06\/vs4.jpg\" alt=\"\" width=\"120\" height=\"120\" class=\"alignnone-vs alignnone size-full wp-image-121\" \/><\/td><td class=\"column-3\"><img src=\"http:\/\/tolle-ponys.de\/wp-content\/uploads\/2014\/06\/vs2.jpg\" alt=\"\" width=\"120\" height=\"120\" class=\"alignnone-vs alignnone size-full wp-image-119\" \/><\/td><td class=\"column-4\"><img src=\"http:\/\/tolle-ponys.de\/wp-content\/uploads\/2014\/07\/vs11-120x120.jpg\" alt=\"\" width=\"120\" height=\"120\" class=\"alignnone-vs alignnone size-thumbnail wp-image-708\" \/><\/td>\n<\/tr>\n<tr class=\"row-2\">\n\t<td class=\"column-1\"><strong><a href=\"http:\/\/tolle-ponys.de\/?page_id=247\">GAMBY CAT<\/a><\/strong><br \/>\n<span style=\"font-size: 9pt;\">v. Brillant<br \/>\n*1998<\/span><\/td><td class=\"column-2\"><strong><a href=\"http:\/\/tolle-ponys.de\/?p=162\">GENTILEZA<\/a><\/strong><br \/>\n<span style=\"font-size: 9pt;\">v. Brillant<br \/>\n*1999<\/span><\/td><td class=\"column-3\"><strong><a href=\"http:\/\/tolle-ponys.de\/?page_id=208\">GESA LA VOLTA<\/a><\/strong><br \/>\n<span style=\"font-size: 9pt;\">v. Vivaldi<br \/>\n*2000<\/span><\/td><td class=\"column-4\"><strong><a href=\"http:\/\/tolle-ponys.de\/?p=467\">CHOCO QUE LINDA<\/a><\/strong><br \/>\n<span style=\"font-size: 9pt;\">v. Chantre B<br \/>\n*2002<\/span><\/td>\n<\/tr>\n<tr class=\"row-3\">\n\t<td class=\"column-1\"><img src=\"http:\/\/tolle-ponys.de\/wp-content\/uploads\/2014\/07\/vs.jpg\" alt=\"\" width=\"120\" height=\"120\" class=\"alignnone-vs alignnone size-full wp-image-563\" \/><\/td><td class=\"column-2\"><img src=\"http:\/\/tolle-ponys.de\/wp-content\/uploads\/2014\/06\/vs6-120x120.jpg\" alt=\"\" width=\"120\" height=\"120\" class=\"alignnone-vs alignnone size-thumbnail wp-image-278\" \/><\/td><td class=\"column-3\"><img src=\"http:\/\/tolle-ponys.de\/wp-content\/uploads\/2014\/06\/vs7-120x120.jpg\" alt=\"\" width=\"120\" height=\"120\" class=\"alignnone-vs alignnone size-thumbnail wp-image-289\" \/><\/td><td class=\"column-4\"><img src=\"http:\/\/tolle-ponys.de\/wp-content\/uploads\/2014\/07\/vs1-120x120.jpg\" alt=\"\" width=\"120\" height=\"120\" class=\"alignnone-vs alignnone size-thumbnail wp-image-678\" \/><\/td>\n<\/tr>\n<tr class=\"row-4\">\n\t<td class=\"column-1\"><strong><a href=\"http:\/\/tolle-ponys.de\/?p=267\">POTT'S BLITZ WE<\/a><\/strong><br \/>\n<span style=\"font-size: 9pt;\">v. FS Pour L' Amour<br \/>\n*2004<\/span><\/td><td class=\"column-2\"><strong><a href=\"http:\/\/tolle-ponys.de\/?p=274\">CHEVAL VAPEUR WE<\/a><\/strong><br \/>\n<span style=\"font-size: 9pt;\">v. Charm of Nibelungen<br \/>\n*2005<\/span><\/td><td class=\"column-3\"><strong><a href=\"http:\/\/tolle-ponys.de\/?p=288\">CHARLIE RIVEL WE<\/a><\/strong><br \/>\n<span style=\"font-size: 9pt;\">v. Charm of Nibelungen<br \/>\n*2006<\/span><\/td><td class=\"column-4\"><strong><a href=\"http:\/\/tolle-ponys.de\/?p=226\">POTT'S PELLE WE<\/a><\/strong><br \/>\n<span style=\"font-size: 9pt;\">v. FS Pour L' Amour<br \/>\n*2006<\/span><\/td>\n<\/tr>\n<tr class=\"row-5\">\n\t<td class=\"column-1\"><img src=\"http:\/\/tolle-ponys.de\/wp-content\/uploads\/2014\/06\/web1-s-120x120.jpg\" alt=\"\" width=\"120\" height=\"120\" class=\"alignnone-vs alignnone size-thumbnail wp-image-237\" \/><\/td><td class=\"column-2\"><img src=\"http:\/\/tolle-ponys.de\/wp-content\/uploads\/2014\/06\/web3-s2-120x120.jpg\" alt=\"\" width=\"120\" height=\"120\" class=\"alignnone-vs alignnone size-thumbnail wp-image-303\" \/><\/td><td class=\"column-3\"><img src=\"http:\/\/tolle-ponys.de\/wp-content\/uploads\/2014\/06\/web3-s3-120x120.jpg\" alt=\"\" width=\"120\" height=\"120\" class=\"alignnone-vs alignnone size-thumbnail wp-image-320\" \/><\/td><td class=\"column-4\"><img src=\"http:\/\/tolle-ponys.de\/wp-content\/uploads\/2014\/06\/corado-jack-s-120x120.jpg\" alt=\"\" width=\"120\" height=\"120\" class=\"alignnone-vs alignnone size-thumbnail wp-image-380\" \/><\/td>\n<\/tr>\n<tr class=\"row-6\">\n\t<td class=\"column-1\"><strong><a href=\"http:\/\/tolle-ponys.de\/?p=235\">BODO P<\/a><\/strong><br \/>\n<span style=\"font-size: 9pt;\">v. Hilkens Black Delight<br \/>\n*2007<\/span><\/td><td class=\"column-2\"><strong><a href=\"http:\/\/tolle-ponys.de\/?p=299\">CARLOS CARINHO WE<\/a><br \/>\n<\/strong><span style=\"font-size: 9pt;\">v. Charm of Nibelungen<br \/>\n*2007<\/span><\/td><td class=\"column-3\"><strong><a href=\"http:\/\/tolle-ponys.de\/?page_id=724\">GAMBYS GRETA WE<\/a><\/strong><br \/>\n<span style=\"font-size: 9pt;\">v. FS Don't Worry<br \/>\n*2008<\/span><\/td><td class=\"column-4\"><strong><a href=\"http:\/\/tolle-ponys.de\/?p=378\">CORADO JACK<\/a><\/strong><br \/>\n<span style=\"font-size: 9pt;\">v. FS Cracker Jack<br \/>\n*2009<\/span><\/td>\n<\/tr>\n<tr class=\"row-7\">\n\t<td class=\"column-1\"><img src=\"http:\/\/tolle-ponys.de\/wp-content\/uploads\/2014\/06\/web2-s1-120x120.jpg\" alt=\"\" width=\"120\" height=\"120\" class=\"alignnone-vs alignnone size-thumbnail wp-image-326\" \/><\/td><td class=\"column-2\"><img src=\"http:\/\/tolle-ponys.de\/wp-content\/uploads\/2014\/06\/web2-s2-120x120.jpg\" alt=\"\" width=\"120\" height=\"120\" class=\"alignnone-vs alignnone size-thumbnail wp-image-347\" \/><\/td><td class=\"column-3\"><img src=\"http:\/\/tolle-ponys.de\/wp-content\/uploads\/2014\/06\/cracker-joe2-s-120x120.jpg\" alt=\"\" width=\"120\" height=\"120\" class=\"alignnone-vs alignnone size-thumbnail wp-image-372\" \/><\/td><td class=\"column-4\"><img src=\"http:\/\/tolle-ponys.de\/wp-content\/uploads\/2011\/04\/Potts-Heinrich-vs.jpg\" alt=\"\" width=\"120\" height=\"120\" class=\"alignnone-vs alignnone size-thumbnail wp-image-772\" \/><\/td>\n<\/tr>\n<tr class=\"row-8\">\n\t<td class=\"column-1\"><strong><a href=\"http:\/\/tolle-ponys.de\/?page_id=323\">GAMBYS HANNEKEN WE<\/a><\/strong><br \/>\n<span style=\"font-size: 9pt;\">v. FS Don't Worry<br \/>\n*2009<\/span><\/td><td class=\"column-2\"><strong><a href=\"http:\/\/tolle-ponys.de\/?p=342\">COSIMO P<\/a><\/strong><br \/>\n<span style=\"font-size: 9pt;\">v. FS Champion de Luxe<br \/>\n*2010<\/span><\/td><td class=\"column-3\"><strong><a href=\"http:\/\/tolle-ponys.de\/?p=369\">CRACKER JOE<\/a><\/strong><br \/>\n<span style=\"font-size: 9pt;\">v. FS Cracker Jack<br \/>\n*2010<\/span><\/td><td class=\"column-4\"><strong><a href=\"http:\/\/tolle-ponys.de\/?p=353\">POTT'S HEINRICH<\/a><\/strong><br \/>\n<span style=\"font-size: 9pt;\">v. Halifax<br \/>\n*2011<\/span><\/td>\n<\/tr>\n<tr class=\"row-9\">\n\t<td class=\"column-1\"><img src=\"http:\/\/tolle-ponys.de\/wp-content\/uploads\/2014\/06\/Hannekens-Highlight-s-120x120.jpg\" alt=\"\" width=\"120\" height=\"120\" class=\"alignnone-vs alignnone size-thumbnail wp-image-334\" \/><\/td><td class=\"column-2\"><img src=\"http:\/\/tolle-ponys.de\/wp-content\/uploads\/2016\/10\/Flocke-vs.jpg\" alt=\"flocke-vs\" width=\"120\" height=\"120\" class=\"alignnone-vs size-full wp-image-1128\" \/><\/td><td class=\"column-3\"><img src=\"http:\/\/tolle-ponys.de\/wp-content\/uploads\/2014\/07\/Theo-vs1-120x120.jpg\" alt=\"\" width=\"120\" height=\"120\" class=\"alignnone-vs alignnone size-thumbnail wp-image-567\" \/><\/td><td class=\"column-4\"><img src=\"http:\/\/tolle-ponys.de\/wp-content\/uploads\/2015\/06\/HF_Dance-Star-AT_Gambys-Greta-vs.jpg\" alt=\"\" width=\"120\" height=\"120\" class=\"alignnone-vs alignnone size-thumbnail wp-image-567\" \/><\/td>\n<\/tr>\n<tr class=\"row-10\">\n\t<td class=\"column-1\"><strong><a href=\"http:\/\/tolle-ponys.de\/?page_id=1024\">HANNEKENS HIGHLIGHT<\/a><\/strong><br \/>\n<span style=\"font-size: 9pt;\">v. Manchester United<br \/>\n*2012<\/span><\/td><td class=\"column-2\"><strong><a href=\"http:\/\/tolle-ponys.de\/?p=357\">GAMBYS MARY LOU<\/a><\/strong><br \/>\n<span style=\"font-size: 9pt;\">v. FS Daddy Cool<br \/>\n*2013<\/span><\/td><td class=\"column-3\"><strong><a href=\"http:\/\/tolle-ponys.de\/?p=508\">POTT'S DADDY BOY<\/a><\/strong><br \/>\n<span style=\"font-size: 9pt;\">v. FS Daddy Cool<br \/>\n*2014<\/span><\/td><td class=\"column-4\"><strong><a href=\"http:\/\/tolle-ponys.de\/?p=835\">HARDY<\/a><\/strong><br \/>\n<span style=\"font-size: 9pt;\">v. Dance Star AT<br \/>\n*2015<\/span><\/td>\n<\/tr>\n<tr class=\"row-11\">\n\t<td class=\"column-1\"><img src=\"http:\/\/tolle-ponys.de\/wp-content\/uploads\/2015\/06\/SF_Dreidimensional_Gamby-Cat-vs.jpg\" alt=\"\" width=\"120\" height=\"120\" class=\"alignnone-vs alignnone size-thumbnail wp-image-567\" \/><\/td><td class=\"column-2\"><img src=\"http:\/\/tolle-ponys.de\/wp-content\/uploads\/2016\/09\/Potts-Foxi-web-120x136.jpg\" alt=\"Potts Foxi web\" width=\"120\" height=\"136\" class=\"alignnone-vs size-thumbnail wp-image-1112\" \/><\/td><td class=\"column-3\"><img src=\"http:\/\/tolle-ponys.de\/wp-content\/uploads\/2017\/05\/Highlights-Rising-Sun.jpg\" alt=\"Highlight's Rising Sun\" width=\"120\" height=\"136\" class=\"alignnone-vs size-thumbnail wp-image-1112\" \/><\/td><td class=\"column-4\"><img src=\"https:\/\/tolle-ponys.de\/wp-content\/uploads\/2019\/01\/Highlights-D-Lady_2018.jpg\" alt=\"Highlight's D-Lady\" width=\"120\" height=\"136\" class=\"alignnone-vs size-thumbnail wp-image-1112\" \/><\/td>\n<\/tr>\n<tr class=\"row-12\">\n\t<td class=\"column-1\"><strong><a href=\"http:\/\/tolle-ponys.de\/?p=827\">JULCHEN<\/a><\/strong><br \/>\n<span style=\"font-size: 9pt;\">v. Dreidimensional AT<br \/>\n*2015<\/span><\/td><td class=\"column-2\"><strong><a href=\"http:\/\/tolle-ponys.de\/?p=1111\">POTT'S FOXI<\/a><\/strong><br \/>\n<span style=\"font-size: 9pt;\">v. Dreidimensional AT<br \/>\n*2016<\/span><\/td><td class=\"column-3\"><strong><a href=\"http:\/\/tolle-ponys.de\/?p=1195\">HIGHLIGHT'S RISING SUN<\/a><\/strong><br \/>\n<span style=\"font-size: 9pt;\">v. FS Numero Uno<br \/>\n*2017<\/span><\/td><td class=\"column-4\"><strong><a href=\"http:\/\/tolle-ponys.de\/?p=1352\">HIGHLIGHT'S D-Lady<\/a><\/strong><br \/>\n<span style=\"font-size: 9pt;\">v. D-Power AT<br \/>\n*2018<\/span><\/td>\n<\/tr>\n<tr class=\"row-13\">\n\t<td class=\"column-1\"><img src=\"https:\/\/tolle-ponys.de\/wp-content\/uploads\/2019\/01\/Potts-Don-Felipe_2018_Becker1.jpg\" alt=\"Pott's Don Felipe\" width=\"120\" height=\"136\" class=\"alignnone-vs size-thumbnail wp-image-1112\" \/><\/td><td class=\"column-2\"><a href=\"https:\/\/tolle-ponys.de\/?p=1384\"><img src=\"https:\/\/tolle-ponys.de\/wp-content\/uploads\/2019\/08\/Dallmina-2019-Kopf-120x133.jpg\" alt=\"\" width=\"120\" height=\"136\" class=\"alignnone-vs size-thumbnail wp-image-1385\" \/><\/a><\/td><td class=\"column-3\"><a href=\"https:\/\/tolle-ponys.de\/?p=1396\"><img src=\"https:\/\/tolle-ponys.de\/wp-content\/uploads\/2019\/08\/Potts-Disco-Dancer-2019-120x133.jpg\" alt=\"\" width=\"120\" height=\"136\" class=\"alignnone-vs size-thumbnail wp-image-1397\" \/><\/a><\/td><td class=\"column-4\"><a href=\"https:\/\/tolle-ponys.de\/?p=1500\"><img src=\"https:\/\/tolle-ponys.de\/wp-content\/uploads\/2021\/02\/Potts-Calle-1_120x136.jpg\" alt=\"\" width=\"120\" height=\"133\" class=\"alignnone-vs size-thumbnail wp-image-1385\" \/><\/a><\/td>\n<\/tr>\n<tr class=\"row-14\">\n\t<td class=\"column-1\"><strong><a href=\"http:\/\/tolle-ponys.de\/?p=1346\">POTT'S DON FELIPE<\/a><\/strong><br \/>\n<span style=\"font-size: 9pt;\">v. D-Power AT<br \/>\n*2018<\/span><\/td><td class=\"column-2\"><strong><a href=\"http:\/\/tolle-ponys.de\/?p=1384\">HIGHLIGHT'S DALLMINA<\/a><\/strong><br \/>\n<span style=\"font-size: 9pt;\">v. Dallmayr K<br \/>\n*2019<\/span><\/td><td class=\"column-3\"><strong><a href=\"http:\/\/tolle-ponys.de\/?p=1396\">POTT'S DISCO DANCER<\/a><\/strong><br \/>\n<span style=\"font-size: 9pt;\">v. Dance Away<br \/>\n*2019<\/span><\/td><td class=\"column-4\"><strong><a href=\"http:\/\/tolle-ponys.de\/?p=1500\">POTT'S CALLE<\/a><\/strong><br \/>\n<span style=\"font-size: 9pt;\">v. DSP Cosmo Royale<br \/>\n*2020<\/span><\/td>\n<\/tr>\n<tr class=\"row-15\">\n\t<td class=\"column-1\"><a href=\"https:\/\/tolle-ponys.de\/?p=1508\"><img src=\"https:\/\/tolle-ponys.de\/wp-content\/uploads\/2021\/02\/Claire-Marie-2_120x136.jpg\" alt=\"\" width=\"120\" height=\"136\" class=\"alignnone-vs size-thumbnail wp-image-1397\" \/><\/a><\/td><td class=\"column-2\"><a href=\"https:\/\/tolle-ponys.de\/?p=1508\"><img src=\"https:\/\/tolle-ponys.de\/wp-content\/uploads\/2021\/06\/Potts-Dallpacino_120x136.jpg\" alt=\"\" width=\"120\" height=\"136\" class=\"alignnone-vs size-thumbnail wp-image-1397\" \/><\/a><\/td><td class=\"column-3\"><a href=\"https:\/\/tolle-ponys.de\/wp-content\/uploads\/2025\/11\/mandyhollmannphotographie_0P2A4956_Original-priv.-Nutzung-_7e1856a9_-scaled.jpg\"><img src=\"https:\/\/tolle-ponys.de\/wp-content\/uploads\/2025\/11\/mandyhollmannphotographie_0P2A4956_Original-priv.-Nutzung-_7e1856a9_-120x154.jpg\" alt=\"\" width=\"120\" height=\"154\" class=\"alignright size-thumbnail wp-image-17193\" \/><\/a><\/td><td class=\"column-4\"><a href=\"https:\/\/tolle-ponys.de\/wp-content\/uploads\/2025\/11\/25-5-Fohlenschau-Hoeven-1-5442-scaled.jpg\"><img src=\"https:\/\/tolle-ponys.de\/wp-content\/uploads\/2025\/11\/25-5-Fohlenschau-Hoeven-1-5442-120x130.jpg\" alt=\"\" width=\"120\" height=\"130\" class=\"alignright size-thumbnail wp-image-17201\" \/><\/a><\/td>\n<\/tr>\n<tr class=\"row-16\">\n\t<td class=\"column-1\"><strong><a href=\"http:\/\/tolle-ponys.de\/?p=1508\">CLAIRE MARIE<\/a><\/strong><br \/>\n<span style=\"font-size: 9pt;\">v. Celebration WE<br \/>\n*2020<\/span><\/td><td class=\"column-2\"><strong><a href=\"http:\/\/tolle-ponys.de\/?p=1527\">POTT'S DALLPACINO<\/a><\/strong><br \/>\n<span style=\"font-size: 9pt;\">v. Dallmayr K<br \/>\n*2021<\/span><\/td><td class=\"column-3\"><\/td><td class=\"column-4\"><\/td>\n<\/tr>\n<\/tbody>\n<\/table>\n<!-- #tablepress-6 from cache -->\n","protected":false},"excerpt":{"rendered":"<p>&nbsp; Leidenschaft\u00a0mit Erfolg \u201cDer Apfel &hellip; <a style=\"color: #a60a20; font-weight: bold\" href=\"https:\/\/tolle-ponys.de\/?page_id=406\">mehr <span class=\"meta-nav\">&raquo;<\/span><\/a><\/p>\n","protected":false},"author":1,"featured_media":0,"parent":0,"menu_order":0,"comment_status":"closed","ping_status":"closed","template":"","meta":[],"_links":{"self":[{"href":"https:\/\/tolle-ponys.de\/index.php?rest_route=\/wp\/v2\/pages\/406"}],"collection":[{"href":"https:\/\/tolle-ponys.de\/index.php?rest_route=\/wp\/v2\/pages"}],"about":[{"href":"https:\/\/tolle-ponys.de\/index.php?rest_route=\/wp\/v2\/types\/page"}],"author":[{"embeddable":true,"href":"https:\/\/tolle-ponys.de\/index.php?rest_route=\/wp\/v2\/users\/1"}],"replies":[{"embeddable":true,"href":"https:\/\/tolle-ponys.de\/index.php?rest_route=%2Fwp%2Fv2%2Fcomments&post=406"}],"version-history":[{"count":13,"href":"https:\/\/tolle-ponys.de\/index.php?rest_route=\/wp\/v2\/pages\/406\/revisions"}],"predecessor-version":[{"id":1021,"href":"https:\/\/tolle-ponys.de\/index.php?rest_route=\/wp\/v2\/pages\/406\/revisions\/1021"}],"wp:attachment":[{"href":"https:\/\/tolle-ponys.de\/index.php?rest_route=%2Fwp%2Fv2%2Fmedia&parent=406"}],"curies":[{"name":"wp","href":"https:\/\/api.w.org\/{rel}","templated":true}]}}