{"id":724,"date":"2014-07-17T16:47:03","date_gmt":"2014-07-17T14:47:03","guid":{"rendered":"http:\/\/tolle-ponys.de\/?page_id=724"},"modified":"2016-07-04T15:40:51","modified_gmt":"2016-07-04T13:40:51","slug":"st-pr-st-gambys-greta-we","status":"publish","type":"page","link":"https:\/\/tolle-ponys.de\/?page_id=724","title":{"rendered":"St.Pr.St. Gambys Greta WE"},"content":{"rendered":"<p><img loading=\"lazy\" class=\"alignnone size-full wp-image-106\" src=\"http:\/\/tolle-ponys.de\/wp-content\/uploads\/2014\/06\/zuchtstuten.png\" alt=\"Zuchtstuten\" width=\"700\" height=\"22\" srcset=\"https:\/\/tolle-ponys.de\/wp-content\/uploads\/2014\/06\/zuchtstuten.png 700w, https:\/\/tolle-ponys.de\/wp-content\/uploads\/2014\/06\/zuchtstuten-120x3.png 120w, https:\/\/tolle-ponys.de\/wp-content\/uploads\/2014\/06\/zuchtstuten-300x9.png 300w\" sizes=\"(max-width: 700px) 100vw, 700px\" \/><\/p>\n<p>&nbsp;<\/p>\n<p><strong><a href=\"http:\/\/tolle-ponys.de\/wp-content\/uploads\/2014\/06\/gamby-cosimo.jpg\"><img loading=\"lazy\" class=\"alignright wp-image-320 size-full\" src=\"http:\/\/tolle-ponys.de\/wp-content\/uploads\/2014\/06\/web3-s3.jpg\" alt=\"\" width=\"150\" height=\"150\" srcset=\"https:\/\/tolle-ponys.de\/wp-content\/uploads\/2014\/06\/web3-s3.jpg 150w, https:\/\/tolle-ponys.de\/wp-content\/uploads\/2014\/06\/web3-s3-120x120.jpg 120w\" sizes=\"(max-width: 150px) 100vw, 150px\" \/><\/a> <img loading=\"lazy\" class=\"alignleft size-full wp-image-191\" src=\"http:\/\/tolle-ponys.de\/wp-content\/uploads\/2014\/06\/we1.png\" alt=\"DR Weser-Ems\" width=\"69\" height=\"115\" \/><span style=\"color: #a60a20; font-size: 14pt;\"><br \/>\nSt.Pr.St. GAMBYS GRETA WE<\/span><\/strong><\/p>\n<p>Stute \u223c DR Weser-Ems<br \/>\n*2008 \u223c Braun \u223c 1,48 m<strong><br \/>\n<\/strong><\/p>\n<p>&nbsp;<\/p>\n<p>&nbsp;<\/p>\n<div class=\"ped\">\n<table class=\"ped\">\n<tbody>\n<tr>\n<td class=\"ped1\" rowspan=\"4\"><strong>FS DON&#8217;T WORRY<br \/>\n<\/strong><\/td>\n<td class=\"ped2\" rowspan=\"2\">FS Dacapo Doro<\/td>\n<td class=\"ped3\">Derano Gold<\/td>\n<td class=\"ped4-b\">v. Derano<\/td>\n<\/tr>\n<tr>\n<td class=\"ped3-b\">Karina<\/td>\n<td class=\"ped4-b\">v. Downland Chorister<\/td>\n<\/tr>\n<tr>\n<td class=\"ped2-b\" rowspan=\"2\">St.Pr.St. FS Golden Sunlight<\/td>\n<td class=\"ped3\">Golden Dancer<\/td>\n<td class=\"ped4-b\">v. Dancer<\/td>\n<\/tr>\n<tr>\n<td class=\"ped3-b\">Eileen<\/td>\n<td class=\"ped4-b\">v. Black Magic<\/td>\n<\/tr>\n<tr>\n<td class=\"ped1\" rowspan=\"4\">GAMBY CAT<\/td>\n<td class=\"ped2\" rowspan=\"2\"><strong><strong>El.H. Brillant<\/strong><\/strong><\/td>\n<td class=\"ped3\">Piran John Halifax<\/td>\n<td class=\"ped4-b\">v. BWLCH Hill Wind<\/td>\n<\/tr>\n<tr>\n<td class=\"ped3-b\">St. Lawrence Lilactime<\/td>\n<td class=\"ped4-b\">v. Arthur Sullivan xx<\/td>\n<\/tr>\n<tr>\n<td class=\"ped2\" rowspan=\"2\">Gesa<\/td>\n<td class=\"ped3\"><strong><strong><strong>Ultimo xx<\/strong><\/strong><\/strong><\/td>\n<td class=\"ped4-b\">v. Obermaat xx<\/td>\n<\/tr>\n<tr>\n<td class=\"ped3\">Gerdi<\/td>\n<td class=\"ped4\">v. <strong>Ready Token Warrior<\/strong><\/td>\n<\/tr>\n<\/tbody>\n<\/table>\n<\/div>\n<p>&nbsp;<\/p>\n<p><span style=\"font-size: 18pt;\"><strong> <a href=\"http:\/\/tolle-ponys.de\/wp-content\/uploads\/2014\/06\/web17.jpg\"><img loading=\"lazy\" class=\"alignright size-thumbnail wp-image-317\" src=\"http:\/\/tolle-ponys.de\/wp-content\/uploads\/2014\/06\/web17-120x80.jpg\" alt=\"St.Pr.St. Gambys Greta\" width=\"120\" height=\"80\" srcset=\"https:\/\/tolle-ponys.de\/wp-content\/uploads\/2014\/06\/web17-120x80.jpg 120w, https:\/\/tolle-ponys.de\/wp-content\/uploads\/2014\/06\/web17-300x200.jpg 300w, https:\/\/tolle-ponys.de\/wp-content\/uploads\/2014\/06\/web17.jpg 900w\" sizes=\"(max-width: 120px) 100vw, 120px\" \/><\/a>G<\/strong><\/span>ambys Greta WE war u. a. 2011 unser Shooting Star unter den Reitponys! Sie wurde von Anna-Lisa Theile exzellent ausgebildet und zu gro\u00dfartigen Erfolgen gef\u00fchrt. Mit der Gesamtnote von 8,50 absolvierte sie die Stutenleistungspr\u00fcfung und qualifizierte sich zum Bundeschampionat, wo sie die Finalqualifikation gewann und im Finale mit Platz 4 knapp an der Medaille vorbeirutschte. In 2012 und 2013 qualifizierte sie sich wieder souver\u00e4n f\u00fcr das Bundeschampionat, erreichte dort in 2012 den 5. Platz und wurde 2013 Vize-Bundeschampionesse der 5j\u00e4hrigen Dressurponys!<\/p>\n<p><a href=\"http:\/\/tolle-ponys.de\/wp-content\/uploads\/2014\/06\/web42.jpg\"><img loading=\"lazy\" class=\"alignright size-thumbnail wp-image-321\" src=\"http:\/\/tolle-ponys.de\/wp-content\/uploads\/2014\/06\/web42-120x80.jpg\" alt=\"St.Pr.St. Gambys Greta\" width=\"120\" height=\"80\" srcset=\"https:\/\/tolle-ponys.de\/wp-content\/uploads\/2014\/06\/web42-120x80.jpg 120w, https:\/\/tolle-ponys.de\/wp-content\/uploads\/2014\/06\/web42-300x200.jpg 300w, https:\/\/tolle-ponys.de\/wp-content\/uploads\/2014\/06\/web42.jpg 900w\" sizes=\"(max-width: 120px) 100vw, 120px\" \/><\/a>Mit mehreren Siegen und top Platzierungen in Dressurpr\u00fcfungen der Klasse A und L pr\u00e4sentiert sie sich mit viel Charme, einer tollen Ausstrahlung und absoluter Leistungsbereitschaft als zuverl\u00e4ssiges FEI Pony. Gambys Greta wurde nach Bayern verkauft und will dort nun mit ihrer neuen Reiterin Lara Huth auf FEI-Level punkten.<\/p>\n<p><a href=\"http:\/\/tolle-ponys.de\/wp-content\/uploads\/2016\/07\/Greta-Lara-Huth-Fr\u00e4nkische-Meisterschaften.jpg\"><img loading=\"lazy\" class=\"alignnone size-thumbnail wp-image-981\" src=\"http:\/\/tolle-ponys.de\/wp-content\/uploads\/2016\/07\/Greta-Lara-Huth-Fr\u00e4nkische-Meisterschaften-120x80.jpg\" alt=\"Greta Lara Huth Fr\u00e4nkische Meisterschaften\" width=\"120\" height=\"80\" srcset=\"https:\/\/tolle-ponys.de\/wp-content\/uploads\/2016\/07\/Greta-Lara-Huth-Fr\u00e4nkische-Meisterschaften-120x80.jpg 120w, https:\/\/tolle-ponys.de\/wp-content\/uploads\/2016\/07\/Greta-Lara-Huth-Fr\u00e4nkische-Meisterschaften-300x200.jpg 300w, https:\/\/tolle-ponys.de\/wp-content\/uploads\/2016\/07\/Greta-Lara-Huth-Fr\u00e4nkische-Meisterschaften.jpg 750w\" sizes=\"(max-width: 120px) 100vw, 120px\" \/><\/a><\/p>\n<hr \/>\n<p><strong><img loading=\"lazy\" class=\"aligncenter size-full wp-image-308\" src=\"http:\/\/tolle-ponys.de\/wp-content\/uploads\/2014\/06\/nachkommen.png\" alt=\"nachkommen\" width=\"500\" height=\"22\" srcset=\"https:\/\/tolle-ponys.de\/wp-content\/uploads\/2014\/06\/nachkommen.png 500w, https:\/\/tolle-ponys.de\/wp-content\/uploads\/2014\/06\/nachkommen-120x5.png 120w, https:\/\/tolle-ponys.de\/wp-content\/uploads\/2014\/06\/nachkommen-300x13.png 300w\" sizes=\"(max-width: 500px) 100vw, 500px\" \/><\/strong><\/p>\n\n<table id=\"tablepress-7\" class=\"tablepress tablepress-id-7\">\n<tbody>\n<tr class=\"row-1\">\n\t<td class=\"column-1\"><img src=\"http:\/\/tolle-ponys.de\/wp-content\/uploads\/2015\/06\/HF_Dance-Star-AT_Gambys-Greta-vs.jpg\" alt=\"\" width=\"120\" height=\"120\" class=\"alignnone-vs alignnone size-thumbnail wp-image-567\" \/><\/td>\n<\/tr>\n<tr class=\"row-2\">\n\t<td class=\"column-1\"><strong><a href=\"http:\/\/tolle-ponys.de\/?p=835\">HARDY<\/a><\/strong><br \/>\n<span style=\"font-size: 9pt;\">v. Dance Star AT<br \/>\n*2015<\/span><\/td>\n<\/tr>\n<\/tbody>\n<\/table>\n<!-- #tablepress-7 from cache -->\n","protected":false},"excerpt":{"rendered":"<p>&nbsp; St.Pr.St. GAMBYS GRETA WE &hellip; <a style=\"color: #a60a20; font-weight: bold\" href=\"https:\/\/tolle-ponys.de\/?page_id=724\">mehr <span class=\"meta-nav\">&raquo;<\/span><\/a><\/p>\n","protected":false},"author":1,"featured_media":0,"parent":105,"menu_order":0,"comment_status":"closed","ping_status":"closed","template":"","meta":[],"_links":{"self":[{"href":"https:\/\/tolle-ponys.de\/index.php?rest_route=\/wp\/v2\/pages\/724"}],"collection":[{"href":"https:\/\/tolle-ponys.de\/index.php?rest_route=\/wp\/v2\/pages"}],"about":[{"href":"https:\/\/tolle-ponys.de\/index.php?rest_route=\/wp\/v2\/types\/page"}],"author":[{"embeddable":true,"href":"https:\/\/tolle-ponys.de\/index.php?rest_route=\/wp\/v2\/users\/1"}],"replies":[{"embeddable":true,"href":"https:\/\/tolle-ponys.de\/index.php?rest_route=%2Fwp%2Fv2%2Fcomments&post=724"}],"version-history":[{"count":9,"href":"https:\/\/tolle-ponys.de\/index.php?rest_route=\/wp\/v2\/pages\/724\/revisions"}],"predecessor-version":[{"id":987,"href":"https:\/\/tolle-ponys.de\/index.php?rest_route=\/wp\/v2\/pages\/724\/revisions\/987"}],"up":[{"embeddable":true,"href":"https:\/\/tolle-ponys.de\/index.php?rest_route=\/wp\/v2\/pages\/105"}],"wp:attachment":[{"href":"https:\/\/tolle-ponys.de\/index.php?rest_route=%2Fwp%2Fv2%2Fmedia&parent=724"}],"curies":[{"name":"wp","href":"https:\/\/api.w.org\/{rel}","templated":true}]}}